{"id":140,"date":"2022-01-27T10:07:04","date_gmt":"2022-01-27T09:07:04","guid":{"rendered":"https:\/\/www.g7international.info\/cerisie\/?page_id=140"},"modified":"2025-05-16T16:44:46","modified_gmt":"2025-05-16T14:44:46","slug":"fehleranalyse","status":"publish","type":"page","link":"https:\/\/www.cerisie.it\/de\/ricerca-guasti\/","title":{"rendered":"Ricerca guasti"},"content":{"rendered":"<div data-elementor-type=\"wp-page\" data-elementor-id=\"140\" class=\"elementor elementor-140\" data-elementor-post-type=\"page\">\n\t\t\t\t\t\t<section class=\"elementor-section elementor-top-section elementor-element elementor-element-5c50063f elementor-section-height-min-height elementor-section-boxed elementor-section-height-default elementor-section-items-middle\" data-id=\"5c50063f\" data-element_type=\"section\" data-e-type=\"section\" data-settings=\"{&quot;background_background&quot;:&quot;classic&quot;}\">\n\t\t\t\t\t\t<div class=\"elementor-container elementor-column-gap-default\">\n\t\t\t\t\t<div class=\"elementor-column elementor-col-100 elementor-top-column elementor-element elementor-element-de9998e\" data-id=\"de9998e\" data-element_type=\"column\" data-e-type=\"column\">\n\t\t\t<div class=\"elementor-widget-wrap elementor-element-populated\">\n\t\t\t\t\t\t<div class=\"elementor-element elementor-element-17493dc0 elementor-widget elementor-widget-heading\" data-id=\"17493dc0\" data-element_type=\"widget\" data-e-type=\"widget\" data-widget_type=\"heading.default\">\n\t\t\t\t<div class=\"elementor-widget-container\">\n\t\t\t\t\t<h2 class=\"elementor-heading-title elementor-size-default\">FEHLERANALYSE<\/h2>\t\t\t\t<\/div>\n\t\t\t\t<\/div>\n\t\t\t\t\t<\/div>\n\t\t<\/div>\n\t\t\t\t\t<\/div>\n\t\t<\/section>\n\t\t\t\t<section class=\"elementor-section elementor-top-section elementor-element elementor-element-acba890 elementor-section-boxed elementor-section-height-default elementor-section-height-default\" data-id=\"acba890\" data-element_type=\"section\" data-e-type=\"section\">\n\t\t\t\t\t\t<div class=\"elementor-container elementor-column-gap-default\">\n\t\t\t\t\t<div class=\"elementor-column elementor-col-50 elementor-top-column elementor-element elementor-element-c5fba71\" data-id=\"c5fba71\" data-element_type=\"column\" data-e-type=\"column\">\n\t\t\t<div class=\"elementor-widget-wrap elementor-element-populated\">\n\t\t\t\t\t\t<div class=\"elementor-element elementor-element-294ff6a elementor-widget elementor-widget-text-editor\" data-id=\"294ff6a\" data-element_type=\"widget\" data-e-type=\"widget\" data-widget_type=\"text-editor.default\">\n\t\t\t\t<div class=\"elementor-widget-container\">\n\t\t\t\t\t\t\t\t\t<p>Eine defekte Komponente ist ein Produkt, das nicht den Konstruktions-, Produktions- oder Lageranforderungen entspricht.<\/p><p>Das Vorhandensein eines Defekts f\u00fchrt nicht immer zu einem Ausfall, aber seine Kontrolle und Vorhersage erm\u00f6glichen es, die Wahrscheinlichkeit eines Ausfalls zu minimieren.<\/p><p>Ein Ausfall ist daher der Endzustand, den ein Produkt, eine Komponente (oder das Produkt, das sie enth\u00e4lt) w\u00e4hrend der Nutzung durch den Endnutzer erreicht. Es handelt sich um eine Anomalie, die die ordnungsgem\u00e4\u00dfe Funktion beeintr\u00e4chtigt.<\/p><p>Das Auftreten einer Anomalie in einem Produkt kann auch zu Rechtsstreitigkeiten zwischen dem Hersteller, dem Lieferant und Kunden f\u00fchren. Aus diesen Gr\u00fcnden ist es unerl\u00e4sslich, den Ursprung zu identifizieren und, wenn m\u00f6glich, die Ursache zu vermeiden.<\/p><p>CERISIE verf\u00fcgt \u00fcber umfassende Erfahrung in der Erforschung und Identifizierung der Urspr\u00fcnge und Ursachen von Anomalien oder Defekten an Komponenten und Endprodukten.<\/p><p>CERISIE ist seit Jahren in diesem Sektor t\u00e4tig und ein zuverl\u00e4ssiger Partner f\u00fcr die detaillierte Analyse der m\u00f6glichen Ursachen von Defekten und Anomalien an einer Komponente oder einem Produkt. Wir bieten unseren Kunden einen Service, der auf die spezifischen Bed\u00fcrfnisse jedes Unternehmens zugeschnitten ist.<\/p>\t\t\t\t\t\t\t\t<\/div>\n\t\t\t\t<\/div>\n\t\t\t\t<div class=\"elementor-element elementor-element-b461dfa elementor-widget elementor-widget-heading\" data-id=\"b461dfa\" data-element_type=\"widget\" data-e-type=\"widget\" data-widget_type=\"heading.default\">\n\t\t\t\t<div class=\"elementor-widget-container\">\n\t\t\t\t\t<h2 class=\"elementor-heading-title elementor-size-default\">CERISIE garantiert absolute Vertraulichkeit der eingereichten Anfragen.<\/h2>\t\t\t\t<\/div>\n\t\t\t\t<\/div>\n\t\t\t\t\t<\/div>\n\t\t<\/div>\n\t\t\t\t<div class=\"elementor-column elementor-col-50 elementor-top-column elementor-element elementor-element-5a5c33f\" data-id=\"5a5c33f\" data-element_type=\"column\" data-e-type=\"column\">\n\t\t\t<div class=\"elementor-widget-wrap elementor-element-populated\">\n\t\t\t\t\t\t<div class=\"elementor-element elementor-element-9677407 elementor-widget elementor-widget-image\" data-id=\"9677407\" data-element_type=\"widget\" data-e-type=\"widget\" data-widget_type=\"image.default\">\n\t\t\t\t<div class=\"elementor-widget-container\">\n\t\t\t\t\t\t\t\t\t\t\t\t\t\t\t<img fetchpriority=\"high\" decoding=\"async\" width=\"600\" height=\"539\" src=\"https:\/\/www.cerisie.it\/wp-content\/uploads\/2023\/06\/ricerca-guasti.jpg\" class=\"attachment-full size-full wp-image-1475\" alt=\"\" srcset=\"https:\/\/www.cerisie.it\/wp-content\/uploads\/2023\/06\/ricerca-guasti.jpg 600w, https:\/\/www.cerisie.it\/wp-content\/uploads\/2023\/06\/ricerca-guasti-300x270.jpg 300w\" sizes=\"(max-width: 600px) 100vw, 600px\" \/>\t\t\t\t\t\t\t\t\t\t\t\t\t\t\t<\/div>\n\t\t\t\t<\/div>\n\t\t\t\t\t<\/div>\n\t\t<\/div>\n\t\t\t\t\t<\/div>\n\t\t<\/section>\n\t\t\t\t<\/div>","protected":false},"excerpt":{"rendered":"<p>Failure analysis Un componente difettoso \u00e8 un manufatto non conforme a un requisito di progettazione, di produzione o di immagazzinamento. La presenza di un difetto non \u00e8 sempre causa di un guasto, ma il controllo e la sua previsione permettono di minimizzare la possibilit\u00e0 che un guasto avvenga. Il guasto \u00e8 quindi lo stato finale [&hellip;]<\/p>\n","protected":false},"author":1,"featured_media":0,"parent":0,"menu_order":0,"comment_status":"closed","ping_status":"closed","template":"","meta":{"footnotes":""},"class_list":["post-140","page","type-page","status-publish","hentry"],"_links":{"self":[{"href":"https:\/\/www.cerisie.it\/de\/wp-json\/wp\/v2\/pages\/140","targetHints":{"allow":["GET"]}}],"collection":[{"href":"https:\/\/www.cerisie.it\/de\/wp-json\/wp\/v2\/pages"}],"about":[{"href":"https:\/\/www.cerisie.it\/de\/wp-json\/wp\/v2\/types\/page"}],"author":[{"embeddable":true,"href":"https:\/\/www.cerisie.it\/de\/wp-json\/wp\/v2\/users\/1"}],"replies":[{"embeddable":true,"href":"https:\/\/www.cerisie.it\/de\/wp-json\/wp\/v2\/comments?post=140"}],"version-history":[{"count":1,"href":"https:\/\/www.cerisie.it\/de\/wp-json\/wp\/v2\/pages\/140\/revisions"}],"predecessor-version":[{"id":1586,"href":"https:\/\/www.cerisie.it\/de\/wp-json\/wp\/v2\/pages\/140\/revisions\/1586"}],"wp:attachment":[{"href":"https:\/\/www.cerisie.it\/de\/wp-json\/wp\/v2\/media?parent=140"}],"curies":[{"name":"wp","href":"https:\/\/api.w.org\/{rel}","templated":true}]}}