{"id":198,"date":"2022-01-31T10:57:04","date_gmt":"2022-01-31T09:57:04","guid":{"rendered":"https:\/\/www.g7international.info\/cerisie\/?page_id=198"},"modified":"2025-05-21T10:49:40","modified_gmt":"2025-05-21T08:49:40","slug":"zulassungen-und-auszeichnungen","status":"publish","type":"page","link":"https:\/\/www.cerisie.it\/de\/omologazione-e-riconoscimenti\/","title":{"rendered":"ZULASSUNGEN UND AUSZEICHNUNGEN"},"content":{"rendered":"<div data-elementor-type=\"wp-page\" data-elementor-id=\"198\" class=\"elementor elementor-198\" data-elementor-post-type=\"page\">\n\t\t\t\t\t\t<section class=\"elementor-section elementor-top-section elementor-element elementor-element-6dda817c elementor-section-height-min-height elementor-section-boxed elementor-section-height-default elementor-section-items-middle\" data-id=\"6dda817c\" data-element_type=\"section\" data-e-type=\"section\" data-settings=\"{&quot;background_background&quot;:&quot;classic&quot;}\">\n\t\t\t\t\t\t<div class=\"elementor-container elementor-column-gap-default\">\n\t\t\t\t\t<div class=\"elementor-column elementor-col-100 elementor-top-column elementor-element elementor-element-335f79c4\" data-id=\"335f79c4\" data-element_type=\"column\" data-e-type=\"column\">\n\t\t\t<div class=\"elementor-widget-wrap elementor-element-populated\">\n\t\t\t\t\t\t<div class=\"elementor-element elementor-element-723bfae4 elementor-widget elementor-widget-heading\" data-id=\"723bfae4\" data-element_type=\"widget\" data-e-type=\"widget\" data-widget_type=\"heading.default\">\n\t\t\t\t<div class=\"elementor-widget-container\">\n\t\t\t\t\t<h2 class=\"elementor-heading-title elementor-size-default\">ZULASSUNGEN UND AUSZEICHNUNGEN<\/h2>\t\t\t\t<\/div>\n\t\t\t\t<\/div>\n\t\t\t\t\t<\/div>\n\t\t<\/div>\n\t\t\t\t\t<\/div>\n\t\t<\/section>\n\t\t\t\t<section class=\"elementor-section elementor-top-section elementor-element elementor-element-961af12 elementor-section-boxed elementor-section-height-default elementor-section-height-default\" data-id=\"961af12\" data-element_type=\"section\" data-e-type=\"section\">\n\t\t\t\t\t\t<div class=\"elementor-container elementor-column-gap-default\">\n\t\t\t\t\t<div class=\"elementor-column elementor-col-50 elementor-top-column elementor-element elementor-element-de66022\" data-id=\"de66022\" data-element_type=\"column\" data-e-type=\"column\">\n\t\t\t<div class=\"elementor-widget-wrap elementor-element-populated\">\n\t\t\t\t\t\t<div class=\"elementor-element elementor-element-1643858 elementor-widget elementor-widget-text-editor\" data-id=\"1643858\" data-element_type=\"widget\" data-e-type=\"widget\" data-widget_type=\"text-editor.default\">\n\t\t\t\t<div class=\"elementor-widget-container\">\n\t\t\t\t\t\t\t\t\t<p>CERISIE ist aufgrund seiner nachgewiesenen Erfahrung und Professionalit\u00e4t:<\/p><ul><li>akkreditiert durch ACCREDIA, das nationale System zur Akkreditierung von Laboratorien (ISO 17025, Akkreditierungsnummer L0042)<\/li><li>von der italienischen Staatsbahn zugelassenes Labor (Klassifikation TV. 101.2\/1439\/14.1\/1 vom 25.03.1977)<\/li><li>eingetragen im Register der hochqualifizierten \u00f6ffentlichen und privaten externen Laboratorien, die (Art. 4 Gesetz 46 vom 17.02.1982) zur Durchf\u00fchrung angewandter Forschung f\u00fcr mittlere und kleine Unternehmen befugt sind (Ministerialdekret vom 16.06.1983)<\/li><li>eingetragen in der Norm UNI-CUNA 10186 als offizielles Labor f\u00fcr die Herstellung und Bereitstellung von Referenzmischungen zur Bewertung von Betriebsfl\u00fcssigkeiten f\u00fcr Stra\u00dfenfahrzeuge, Landmaschinen und Erdbewegungsmaschinen<\/li><li>zugelassen vom WDK (Deutscher Verband der Kautschukwarenhersteller) als Zertifizierungsstelle f\u00fcr Reifen und Reifenwechsler f\u00fcr UHP- und Runflat-Reifen<\/li><li>Autorisiert zur \u00dcberpr\u00fcfung der Kalibrierung von Shore-A- und Shore-D-H\u00e4rtepr\u00fcfger\u00e4ten gem\u00e4\u00df der Norm UNI ISO 7619<\/li><li>Von Renault in die Rangliste der verf\u00fcgbaren akkreditierten Pr\u00fcfungen aufgenommen (Platz 1 im Jahr 2020)<\/li><li>Anerkannt von der F.I.D.A.L. (Italienischer Leichtathletikverband) als offizielles Labor zur Pr\u00fcfung der physikalischen Anforderungen an Leichtathletikb\u00f6den (F.I.D.A.L. Rundschreiben 1\/94)<\/li><li>Anerkannt in der Norm UNI ISO 7619 als offizielles Labor f\u00fcr die Herstellung und Lieferung zertifizierter H\u00e4rtepr\u00fcfscheiben zur \u00dcberpr\u00fcfung der Kalibrierung von Shore A, Shore D, Normal-IRHD und Mikro-IRHD-H\u00e4rtegraden<\/li><li>Anerkannt von der UCICIS (Italienischer Herstellerverband f\u00fcr selbstfahrende Industriefahrzeuge und \u00e4hnliche Fahrzeuge) als offizielles Labor f\u00fcr die Durchf\u00fchrung von Pr\u00fcfungen an R\u00e4dern und kompletten Tr\u00e4gern f\u00fcr manuell angetriebene oder gezogene Anwendungen gem\u00e4\u00df den Normen UNI 10131 und ISO 2175 (ANIMA Technisches B\u00fcro \u2013 Prot. 10\/4 \u2013 6A\/aa vom 21.01.79)<\/li><li>Anerkannt von der AIRP, dem italienischen Verband der Reifenrunderneuerer, als offizielles Labor zur Bestimmung der physikalisch-mechanischen Eigenschaften von Gummimaterial f\u00fcr die Reifenerneuerung gem\u00e4\u00df der AIRP-Spezifikation LTH\/90 (AIRP Allgemeine Sekretariat \u2013 Schreiben vom 06.12.1983<\/li><li>Von der CIK-FIA (Commission Internationale de Karting \u2013 Federation Internationale de l\u2019Automobile) als offizielles Pr\u00fcflabor f\u00fcr die Zulassung von Rennreifen benannt.<\/li><\/ul><p>\u00a0<\/p><p>Zum Download der Accredia-Zertifizierung<strong> <a href=\"https:\/\/cerisie.it\/pdf\/721265.pdf\" target=\"_blank\" rel=\"noopener\">klicken Sie hier<\/a><\/strong>.<\/p><p>Zum Download der Liste der akkreditierten Pr\u00fcfstellen <a href=\"https:\/\/cerisie.it\/pdf\/PA54AR47.pdf\" target=\"_blank\" rel=\"noopener\"><strong>klicken Sie hier<\/strong><\/a>.<\/p>\t\t\t\t\t\t\t\t<\/div>\n\t\t\t\t<\/div>\n\t\t\t\t\t<\/div>\n\t\t<\/div>\n\t\t\t\t<div class=\"elementor-column elementor-col-50 elementor-top-column elementor-element elementor-element-b92481e\" data-id=\"b92481e\" data-element_type=\"column\" data-e-type=\"column\">\n\t\t\t<div class=\"elementor-widget-wrap elementor-element-populated\">\n\t\t\t\t\t\t<div class=\"elementor-element elementor-element-ce6e694 elementor-widget elementor-widget-image\" data-id=\"ce6e694\" data-element_type=\"widget\" data-e-type=\"widget\" data-widget_type=\"image.default\">\n\t\t\t\t<div class=\"elementor-widget-container\">\n\t\t\t\t\t\t\t\t\t\t\t\t\t\t\t<img fetchpriority=\"high\" decoding=\"async\" width=\"500\" height=\"494\" src=\"https:\/\/www.cerisie.it\/wp-content\/uploads\/2023\/06\/accreditamento.jpg\" class=\"attachment-full size-full wp-image-1457\" alt=\"\" srcset=\"https:\/\/www.cerisie.it\/wp-content\/uploads\/2023\/06\/accreditamento.jpg 500w, https:\/\/www.cerisie.it\/wp-content\/uploads\/2023\/06\/accreditamento-300x296.jpg 300w\" sizes=\"(max-width: 500px) 100vw, 500px\" \/>\t\t\t\t\t\t\t\t\t\t\t\t\t\t\t<\/div>\n\t\t\t\t<\/div>\n\t\t\t\t\t<\/div>\n\t\t<\/div>\n\t\t\t\t\t<\/div>\n\t\t<\/section>\n\t\t\t\t<\/div>","protected":false},"excerpt":{"rendered":"<p>Omologazione e riconoscimenti\u200b Il CERISIE per la sua comprovata esperienza e professionalit\u00e0 \u00e8: accreditato da ACCREDIA, Sistema Nazionale per l&#8217;Accreditamento di Laboratori (ISO 17025, Numero di accreditamento L0042) laboratorio omologato dalle Ferrovie dello Stato (Classif. TV. 101.2\/1439\/14.1\/1 del 25.03.77) inserito nell&#8217;Albo dei Laboratori Esterni Pubblici e Privati Altamente Qualificati autorizzati (art. 4 legge 46 del [&hellip;]<\/p>\n","protected":false},"author":1,"featured_media":0,"parent":0,"menu_order":0,"comment_status":"closed","ping_status":"closed","template":"","meta":{"footnotes":""},"class_list":["post-198","page","type-page","status-publish","hentry"],"_links":{"self":[{"href":"https:\/\/www.cerisie.it\/de\/wp-json\/wp\/v2\/pages\/198","targetHints":{"allow":["GET"]}}],"collection":[{"href":"https:\/\/www.cerisie.it\/de\/wp-json\/wp\/v2\/pages"}],"about":[{"href":"https:\/\/www.cerisie.it\/de\/wp-json\/wp\/v2\/types\/page"}],"author":[{"embeddable":true,"href":"https:\/\/www.cerisie.it\/de\/wp-json\/wp\/v2\/users\/1"}],"replies":[{"embeddable":true,"href":"https:\/\/www.cerisie.it\/de\/wp-json\/wp\/v2\/comments?post=198"}],"version-history":[{"count":13,"href":"https:\/\/www.cerisie.it\/de\/wp-json\/wp\/v2\/pages\/198\/revisions"}],"predecessor-version":[{"id":1876,"href":"https:\/\/www.cerisie.it\/de\/wp-json\/wp\/v2\/pages\/198\/revisions\/1876"}],"wp:attachment":[{"href":"https:\/\/www.cerisie.it\/de\/wp-json\/wp\/v2\/media?parent=198"}],"curies":[{"name":"wp","href":"https:\/\/api.w.org\/{rel}","templated":true}]}}