{"id":479,"date":"2022-04-19T09:32:43","date_gmt":"2022-04-19T07:32:43","guid":{"rendered":"https:\/\/www.g7international.info\/cerisie\/?page_id=479"},"modified":"2025-05-16T16:44:46","modified_gmt":"2025-05-16T14:44:46","slug":"lebensmittel-und-trinkwasser","status":"publish","type":"page","link":"https:\/\/www.cerisie.it\/de\/alimentare-e-acqua-potabile\/","title":{"rendered":"LEBENSMITTEL UND TRINKWASSER"},"content":{"rendered":"<div data-elementor-type=\"wp-page\" data-elementor-id=\"479\" class=\"elementor elementor-479\" data-elementor-post-type=\"page\">\n\t\t\t\t\t\t<section class=\"elementor-section elementor-top-section elementor-element elementor-element-24040f38 elementor-section-height-min-height elementor-section-boxed elementor-section-height-default elementor-section-items-middle\" data-id=\"24040f38\" data-element_type=\"section\" data-e-type=\"section\" data-settings=\"{&quot;background_background&quot;:&quot;classic&quot;}\">\n\t\t\t\t\t\t<div class=\"elementor-container elementor-column-gap-default\">\n\t\t\t\t\t<div class=\"elementor-column elementor-col-100 elementor-top-column elementor-element elementor-element-6368a8a8\" data-id=\"6368a8a8\" data-element_type=\"column\" data-e-type=\"column\">\n\t\t\t<div class=\"elementor-widget-wrap elementor-element-populated\">\n\t\t\t\t\t\t<div class=\"elementor-element elementor-element-56facf91 elementor-widget elementor-widget-heading\" data-id=\"56facf91\" data-element_type=\"widget\" data-e-type=\"widget\" data-widget_type=\"heading.default\">\n\t\t\t\t<div class=\"elementor-widget-container\">\n\t\t\t\t\t<h2 class=\"elementor-heading-title elementor-size-default\">LEBENSMITTEL UND TRINKWASSER<\/h2>\t\t\t\t<\/div>\n\t\t\t\t<\/div>\n\t\t\t\t\t<\/div>\n\t\t<\/div>\n\t\t\t\t\t<\/div>\n\t\t<\/section>\n\t\t\t\t<section class=\"elementor-section elementor-top-section elementor-element elementor-element-25add1d elementor-section-boxed elementor-section-height-default elementor-section-height-default\" data-id=\"25add1d\" data-element_type=\"section\" data-e-type=\"section\">\n\t\t\t\t\t\t<div class=\"elementor-container elementor-column-gap-default\">\n\t\t\t\t\t<div class=\"elementor-column elementor-col-50 elementor-top-column elementor-element elementor-element-4883a2a\" data-id=\"4883a2a\" data-element_type=\"column\" data-e-type=\"column\">\n\t\t\t<div class=\"elementor-widget-wrap elementor-element-populated\">\n\t\t\t\t\t\t<div class=\"elementor-element elementor-element-b655a5d elementor-widget elementor-widget-text-editor\" data-id=\"b655a5d\" data-element_type=\"widget\" data-e-type=\"widget\" data-widget_type=\"text-editor.default\">\n\t\t\t\t<div class=\"elementor-widget-container\">\n\t\t\t\t\t\t\t\t\t<p>CERISIE bietet mit seinen jahrzehntelangen Erfahrungen in der MOCA-Pr\u00fcfung einen Analyseservice zur \u00dcberpr\u00fcfung der Lebensmitteleignung gem\u00e4\u00df nationalen, europ\u00e4ischen und internationalen Vorschriften an, wie z. B.:<\/p><ul><li>dem Italienischen Ministerialerlass vom 21.03.73<\/li><li>BfR-Empfehlungen<\/li><li>Franz\u00f6sische Gesetzgebung (Arr\u00eat\u00e9)<\/li><li>Europ\u00e4ische Verordnung (EU) 10\/2011 (speziell f\u00fcr Kunststoffe)<\/li><li>Gem\u00e4\u00df anderen internationalen Standards wie FDA und chinesischem GBT.<\/li><\/ul><p>CERISIE unterst\u00fctzt Unternehmen der Trinkwasserbranche au\u00dferdem gem\u00e4\u00df nationalen und europ\u00e4ischen Vorschriften wie z. B.:<\/p><ul><li>dem Italienischen Ministerialerlass vom 104 von 2004<\/li><li>UBA-Empfehlung (Umwelt Bundesamt)<\/li><li>DVGW-Standard W270.<\/li><\/ul><p>CERISIE bietet Unterst\u00fctzung und Bewertung bei der Formulierung von Gemischen f\u00fcr die Herstellung von Produkten f\u00fcr die Lebensmittel- und Trinkwasserindustrie sowie bei der Festlegung der zu verwendenden Pr\u00fcfbedingungen und Simulanzien basierend auf den tats\u00e4chlichen Einsatzbedingungen der Produkte.<\/p><p>CERISIE ist bestrebt, seinen Kunden stets einen aktuellen und hervorragenden Service zu bieten und dabei stets die absolute Vertraulichkeit der bereitgestellten Informationen zu gew\u00e4hrleisten.<\/p>\t\t\t\t\t\t\t\t<\/div>\n\t\t\t\t<\/div>\n\t\t\t\t\t<\/div>\n\t\t<\/div>\n\t\t\t\t<div class=\"elementor-column elementor-col-50 elementor-top-column elementor-element elementor-element-3b56326\" data-id=\"3b56326\" data-element_type=\"column\" data-e-type=\"column\">\n\t\t\t<div class=\"elementor-widget-wrap elementor-element-populated\">\n\t\t\t\t\t\t<div class=\"elementor-element elementor-element-5748799 elementor-widget elementor-widget-image\" data-id=\"5748799\" data-element_type=\"widget\" data-e-type=\"widget\" data-widget_type=\"image.default\">\n\t\t\t\t<div class=\"elementor-widget-container\">\n\t\t\t\t\t\t\t\t\t\t\t\t\t\t\t<img fetchpriority=\"high\" decoding=\"async\" width=\"500\" height=\"361\" src=\"https:\/\/www.cerisie.it\/wp-content\/uploads\/2023\/06\/food.jpg\" class=\"attachment-full size-full wp-image-1452\" alt=\"\" srcset=\"https:\/\/www.cerisie.it\/wp-content\/uploads\/2023\/06\/food.jpg 500w, https:\/\/www.cerisie.it\/wp-content\/uploads\/2023\/06\/food-300x217.jpg 300w\" sizes=\"(max-width: 500px) 100vw, 500px\" \/>\t\t\t\t\t\t\t\t\t\t\t\t\t\t\t<\/div>\n\t\t\t\t<\/div>\n\t\t\t\t\t<\/div>\n\t\t<\/div>\n\t\t\t\t\t<\/div>\n\t\t<\/section>\n\t\t\t\t<\/div>","protected":false},"excerpt":{"rendered":"<p>Alimentare e acqua potabile Il CERISIE, forte delle competenze specifiche maturate nella decennale esperienza nell\u2019ambito delle prove MOCA, offre un servizio di analisi per la verifica di idoneit\u00e0 al contatto con alimenti secondo normative nazionali, europee e internazionali come ad esempio: D.M. 21\/03\/73 Raccomandazioni BfR Legislazione Francese (Arret\u00e9) Regolamento Europeo UE 10\/2011 (specifico per le [&hellip;]<\/p>\n","protected":false},"author":1,"featured_media":0,"parent":0,"menu_order":0,"comment_status":"closed","ping_status":"closed","template":"elementor_header_footer","meta":{"footnotes":""},"class_list":["post-479","page","type-page","status-publish","hentry"],"_links":{"self":[{"href":"https:\/\/www.cerisie.it\/de\/wp-json\/wp\/v2\/pages\/479","targetHints":{"allow":["GET"]}}],"collection":[{"href":"https:\/\/www.cerisie.it\/de\/wp-json\/wp\/v2\/pages"}],"about":[{"href":"https:\/\/www.cerisie.it\/de\/wp-json\/wp\/v2\/types\/page"}],"author":[{"embeddable":true,"href":"https:\/\/www.cerisie.it\/de\/wp-json\/wp\/v2\/users\/1"}],"replies":[{"embeddable":true,"href":"https:\/\/www.cerisie.it\/de\/wp-json\/wp\/v2\/comments?post=479"}],"version-history":[{"count":1,"href":"https:\/\/www.cerisie.it\/de\/wp-json\/wp\/v2\/pages\/479\/revisions"}],"predecessor-version":[{"id":1571,"href":"https:\/\/www.cerisie.it\/de\/wp-json\/wp\/v2\/pages\/479\/revisions\/1571"}],"wp:attachment":[{"href":"https:\/\/www.cerisie.it\/de\/wp-json\/wp\/v2\/media?parent=479"}],"curies":[{"name":"wp","href":"https:\/\/api.w.org\/{rel}","templated":true}]}}