{"id":491,"date":"2022-04-19T09:42:36","date_gmt":"2022-04-19T07:42:36","guid":{"rendered":"https:\/\/www.g7international.info\/cerisie\/?page_id=491"},"modified":"2025-05-21T10:49:56","modified_gmt":"2025-05-21T08:49:56","slug":"interlaboratory-tests","status":"publish","type":"page","link":"https:\/\/www.cerisie.it\/en\/prova-interlaboratoriali\/","title":{"rendered":"INTERLABORATORY TESTS"},"content":{"rendered":"\t\t<div data-elementor-type=\"wp-page\" data-elementor-id=\"491\" class=\"elementor elementor-491\" data-elementor-post-type=\"page\">\n\t\t\t\t\t\t<section class=\"elementor-section elementor-top-section elementor-element elementor-element-61c0f5b elementor-section-height-min-height elementor-section-boxed elementor-section-height-default elementor-section-items-middle\" data-id=\"61c0f5b\" data-element_type=\"section\" data-e-type=\"section\" data-settings=\"{&quot;background_background&quot;:&quot;classic&quot;}\">\n\t\t\t\t\t\t<div class=\"elementor-container elementor-column-gap-default\">\n\t\t\t\t\t<div class=\"elementor-column elementor-col-100 elementor-top-column elementor-element elementor-element-079c5a8\" data-id=\"079c5a8\" data-element_type=\"column\" data-e-type=\"column\">\n\t\t\t<div class=\"elementor-widget-wrap elementor-element-populated\">\n\t\t\t\t\t\t<div class=\"elementor-element elementor-element-7fcc103 elementor-widget elementor-widget-heading\" data-id=\"7fcc103\" data-element_type=\"widget\" data-e-type=\"widget\" data-widget_type=\"heading.default\">\n\t\t\t\t<div class=\"elementor-widget-container\">\n\t\t\t\t\t<h2 class=\"elementor-heading-title elementor-size-default\">Prove Interlaboratoriali<\/h2>\t\t\t\t<\/div>\n\t\t\t\t<\/div>\n\t\t\t\t\t<\/div>\n\t\t<\/div>\n\t\t\t\t\t<\/div>\n\t\t<\/section>\n\t\t\t\t<section class=\"elementor-section elementor-top-section elementor-element elementor-element-8a30396 elementor-section-boxed elementor-section-height-default elementor-section-height-default\" data-id=\"8a30396\" data-element_type=\"section\" data-e-type=\"section\">\n\t\t\t\t\t\t<div class=\"elementor-container elementor-column-gap-default\">\n\t\t\t\t\t<div class=\"elementor-column elementor-col-50 elementor-top-column elementor-element elementor-element-5482c50\" data-id=\"5482c50\" data-element_type=\"column\" data-e-type=\"column\" data-settings=\"{&quot;motion_fx_motion_fx_scrolling&quot;:&quot;yes&quot;,&quot;motion_fx_translateY_effect&quot;:&quot;yes&quot;,&quot;motion_fx_translateY_speed&quot;:{&quot;unit&quot;:&quot;px&quot;,&quot;size&quot;:1,&quot;sizes&quot;:[]},&quot;motion_fx_translateY_affectedRange&quot;:{&quot;unit&quot;:&quot;%&quot;,&quot;size&quot;:&quot;&quot;,&quot;sizes&quot;:{&quot;start&quot;:50,&quot;end&quot;:100}},&quot;motion_fx_devices&quot;:[&quot;desktop&quot;,&quot;tablet&quot;,&quot;mobile&quot;]}\">\n\t\t\t<div class=\"elementor-widget-wrap elementor-element-populated\">\n\t\t\t\t\t\t<div class=\"elementor-element elementor-element-421e971 elementor-widget elementor-widget-text-editor\" data-id=\"421e971\" data-element_type=\"widget\" data-e-type=\"widget\" data-widget_type=\"text-editor.default\">\n\t\t\t\t<div class=\"elementor-widget-container\">\n\t\t\t\t\t\t\t\t\t<p>Il CERISIE ogni anno offre la possibilit\u00e0 di partecipare a due cicli di Prove Interlaboratoriali, cicli di prove effettuati in laboratori diversi allo scopo di verificare la corrispondenza fra le diverse misure effettuate secondo i criteri della normativa corrente.<\/p>\n<p>Ogni ciclo prevede diverse prove di laboratorio su mescole crude (viscosit\u00e0, prove al vulcanografo) e su mescole vulcanizzate (densit\u00e0, durezze, trazione e compression set).<\/p>\n<p>Inevitabilmente ogni tipo di misura \u00e8 caratterizzato da una certa imprecisione (valutabile mediante la verifica della ripetibilit\u00e0 e della riproducibilit\u00e0), i cui valori possono essere contenuti entro limiti ristretti purch\u00e9 gli strumenti, oltre che rispondenti alle norme, siano regolarmente tarati.<\/p>\n<p>Il CERISIE organizza due cicli di Prove Interlaboratoriali: il I Ciclo \u00e8 organizzato nel mese di Maggio, con adesioni aperte fino alla fine di Aprile; il II Ciclo \u00e8 organizzato nel mese di Novembre, con adesioni fino alla fine di Ottobre.<\/p>\t\t\t\t\t\t\t\t<\/div>\n\t\t\t\t<\/div>\n\t\t\t\t\t<\/div>\n\t\t<\/div>\n\t\t\t\t<div class=\"elementor-column elementor-col-50 elementor-top-column elementor-element elementor-element-51a4d9d\" data-id=\"51a4d9d\" data-element_type=\"column\" data-e-type=\"column\" data-settings=\"{&quot;motion_fx_motion_fx_scrolling&quot;:&quot;yes&quot;,&quot;motion_fx_translateY_effect&quot;:&quot;yes&quot;,&quot;motion_fx_translateY_speed&quot;:{&quot;unit&quot;:&quot;px&quot;,&quot;size&quot;:1,&quot;sizes&quot;:[]},&quot;motion_fx_translateY_affectedRange&quot;:{&quot;unit&quot;:&quot;%&quot;,&quot;size&quot;:&quot;&quot;,&quot;sizes&quot;:{&quot;start&quot;:50,&quot;end&quot;:100}},&quot;motion_fx_devices&quot;:[&quot;desktop&quot;,&quot;tablet&quot;,&quot;mobile&quot;]}\">\n\t\t\t<div class=\"elementor-widget-wrap elementor-element-populated\">\n\t\t\t\t\t\t<div class=\"elementor-element elementor-element-3f7217d elementor-widget elementor-widget-text-editor\" data-id=\"3f7217d\" data-element_type=\"widget\" data-e-type=\"widget\" data-widget_type=\"text-editor.default\">\n\t\t\t\t<div class=\"elementor-widget-container\">\n\t\t\t\t\t\t\t\t\t<p>L\u2019attendibilit\u00e0 delle misure \u00e8 importante per chi progetta e produce in proprio le mescolanze, ma pu\u00f2 assumere maggior rilievo nei rapporti fra produttori e utilizzatori, quando le responsabilit\u00e0 dell\u2019andamento di un processo o la rispondenza di un prodotto finito alle specifiche tecniche, pu\u00f2 venire attribuita alla mancata conformit\u00e0 delle mescolanze alle tolleranze di talune caratteristiche definite nel contratto.<\/p><p>Collegare le proprie esigenze a misure attendibili fornisce la consapevolezza di ci\u00f2 che si deve richiedere al fornitore o di ci\u00f2 che si pu\u00f2 assicurare al proprio cliente. \u00a0L\u2019affidabilit\u00e0 delle misure consentire di evitare controversie su valori misurati che possono essere attribuiti a una carente riproducibilit\u00e0 delle misure eseguite in laboratori diversi piuttosto che dipendere da eventuali carenze qualitative.<\/p><p>Ai cicli di Prove Interlaboratoriali si pu\u00f2 aderire compilando il modulo che si pu\u00f2 scaricare <a href=\"https:\/\/cerisie.it\/pdf\/BROCHURE 2025.pdf\" target=\"_blank\" rel=\"noopener\" data-wplink-url-error=\"true\"><strong>cliccando qui<\/strong><\/a>.<\/p><p>Per qualsiasi informazione, dubbio o approfondimento scrivete a <a href=\"mailto:info@cerisie.it\">info@cerisie.it<\/a> oppure chiamate il +39 039 2254100.<\/p>\t\t\t\t\t\t\t\t<\/div>\n\t\t\t\t<\/div>\n\t\t\t\t\t<\/div>\n\t\t<\/div>\n\t\t\t\t\t<\/div>\n\t\t<\/section>\n\t\t\t\t<\/div>\n\t\t","protected":false},"excerpt":{"rendered":"<p>Prove Interlaboratoriali Il CERISIE ogni anno offre la possibilit\u00e0 di partecipare a due cicli di Prove Interlaboratoriali, cicli di prove effettuati in laboratori diversi allo scopo di verificare la corrispondenza fra le diverse misure effettuate secondo i criteri della normativa corrente. Ogni ciclo prevede diverse prove di laboratorio su mescole crude (viscosit\u00e0, prove al vulcanografo) [&hellip;]<\/p>\n","protected":false},"author":1,"featured_media":0,"parent":0,"menu_order":0,"comment_status":"closed","ping_status":"closed","template":"","meta":{"footnotes":""},"class_list":["post-491","page","type-page","status-publish","hentry"],"_links":{"self":[{"href":"https:\/\/www.cerisie.it\/en\/wp-json\/wp\/v2\/pages\/491","targetHints":{"allow":["GET"]}}],"collection":[{"href":"https:\/\/www.cerisie.it\/en\/wp-json\/wp\/v2\/pages"}],"about":[{"href":"https:\/\/www.cerisie.it\/en\/wp-json\/wp\/v2\/types\/page"}],"author":[{"embeddable":true,"href":"https:\/\/www.cerisie.it\/en\/wp-json\/wp\/v2\/users\/1"}],"replies":[{"embeddable":true,"href":"https:\/\/www.cerisie.it\/en\/wp-json\/wp\/v2\/comments?post=491"}],"version-history":[{"count":4,"href":"https:\/\/www.cerisie.it\/en\/wp-json\/wp\/v2\/pages\/491\/revisions"}],"predecessor-version":[{"id":1882,"href":"https:\/\/www.cerisie.it\/en\/wp-json\/wp\/v2\/pages\/491\/revisions\/1882"}],"wp:attachment":[{"href":"https:\/\/www.cerisie.it\/en\/wp-json\/wp\/v2\/media?parent=491"}],"curies":[{"name":"wp","href":"https:\/\/api.w.org\/{rel}","templated":true}]}}