{"id":198,"date":"2022-01-31T10:57:04","date_gmt":"2022-01-31T09:57:04","guid":{"rendered":"https:\/\/www.g7international.info\/cerisie\/?page_id=198"},"modified":"2025-05-21T10:49:40","modified_gmt":"2025-05-21T08:49:40","slug":"homologacion-y-premios","status":"publish","type":"page","link":"https:\/\/www.cerisie.it\/es\/omologazione-e-riconoscimenti\/","title":{"rendered":"HOMOLOGACI\u00d3N Y PREMIOS"},"content":{"rendered":"<div data-elementor-type=\"wp-page\" data-elementor-id=\"198\" class=\"elementor elementor-198\" data-elementor-post-type=\"page\">\n\t\t\t\t\t\t<section class=\"elementor-section elementor-top-section elementor-element elementor-element-6dda817c elementor-section-height-min-height elementor-section-boxed elementor-section-height-default elementor-section-items-middle\" data-id=\"6dda817c\" data-element_type=\"section\" data-e-type=\"section\" data-settings=\"{&quot;background_background&quot;:&quot;classic&quot;}\">\n\t\t\t\t\t\t<div class=\"elementor-container elementor-column-gap-default\">\n\t\t\t\t\t<div class=\"elementor-column elementor-col-100 elementor-top-column elementor-element elementor-element-335f79c4\" data-id=\"335f79c4\" data-element_type=\"column\" data-e-type=\"column\">\n\t\t\t<div class=\"elementor-widget-wrap elementor-element-populated\">\n\t\t\t\t\t\t<div class=\"elementor-element elementor-element-723bfae4 elementor-widget elementor-widget-heading\" data-id=\"723bfae4\" data-element_type=\"widget\" data-e-type=\"widget\" data-widget_type=\"heading.default\">\n\t\t\t\t<div class=\"elementor-widget-container\">\n\t\t\t\t\t<h2 class=\"elementor-heading-title elementor-size-default\">HOMOLOGACI\u00d3N Y PREMIOS<\/h2>\t\t\t\t<\/div>\n\t\t\t\t<\/div>\n\t\t\t\t\t<\/div>\n\t\t<\/div>\n\t\t\t\t\t<\/div>\n\t\t<\/section>\n\t\t\t\t<section class=\"elementor-section elementor-top-section elementor-element elementor-element-961af12 elementor-section-boxed elementor-section-height-default elementor-section-height-default\" data-id=\"961af12\" data-element_type=\"section\" data-e-type=\"section\">\n\t\t\t\t\t\t<div class=\"elementor-container elementor-column-gap-default\">\n\t\t\t\t\t<div class=\"elementor-column elementor-col-50 elementor-top-column elementor-element elementor-element-de66022\" data-id=\"de66022\" data-element_type=\"column\" data-e-type=\"column\">\n\t\t\t<div class=\"elementor-widget-wrap elementor-element-populated\">\n\t\t\t\t\t\t<div class=\"elementor-element elementor-element-1643858 elementor-widget elementor-widget-text-editor\" data-id=\"1643858\" data-element_type=\"widget\" data-e-type=\"widget\" data-widget_type=\"text-editor.default\">\n\t\t\t\t<div class=\"elementor-widget-container\">\n\t\t\t\t\t\t\t\t\t<p>CERISIE, por su probada experiencia y profesionalidad, es:<\/p><ul><li>acreditado por ACCREDIA, Sistema Nacional de Acreditaci\u00f3n de Laboratorios (ISO 17025, N\u00famero de Acreditaci\u00f3n L0042)<\/li><li>laboratorio autorizado por los Ferrocarriles del Estado (Classif. TELEVISI\u00d3N. 101.2\/1439\/14.1\/1 de 25.03.77)<\/li><li>incluidos en el Registro de Laboratorios Externos P\u00fablicos y Privados de Alta Cualificaci\u00f3n autorizados (art. 4 ley 46 del 17\/02\/1982) para realizar investigaciones de car\u00e1cter aplicativo a favor de la mediana y peque\u00f1a empresa (Decreto Ministerial 16\/06\/83)<\/li><li>presente en la norma UNI-CUNA 10186 como Laboratorio Oficial para la preparaci\u00f3n y suministro de mezclas de referencia para evaluar fluidos de servicio utilizados en veh\u00edculos de carretera, maquinaria agr\u00edcola y maquinaria de movimiento de tierras<\/li><li>aprobado por la WDK (Asociaci\u00f3n Alemana de Fabricantes de Productos de Caucho) como organismo certificador para desmontadoras de neum\u00e1ticos UHP y Runflat<\/li><li>calificado para controlar la calibraci\u00f3n de los dur\u00f3metros Shore A y Shore D de acuerdo con la norma UNI ISO 7619<\/li><li>incluido por Renault en el ranking sobre la disponibilidad de pruebas acreditadas (en 2020 en primer lugar)<\/li><li>reconocido por la F.I.D.A.L. (Federaci\u00f3n Italiana de Atletismo) como laboratorio oficial para el control de los requisitos f\u00edsicos del c\u00e9sped de atletismo (F.I.D.A.L. Circular 1\/94)<\/li><li>presente en la norma UNI ISO 7619 como laboratorio oficial para la preparaci\u00f3n y suministro de discos de dureza certificados para el control de la calibraci\u00f3n de dur\u00f3metros Shore A, Shore D, IRHD normal y microIRHD<\/li><li>reconocido por UCICIS (Uni\u00f3n de Fabricantes Italianos de Carros Industriales Autopropulsados y Similares) como laboratorio oficial para la realizaci\u00f3n de ensayos sobre ruedas y soportes completos para usos de propulsi\u00f3n manual o remolcada, seg\u00fan las normas UNI 10131 e ISO 2175 (Uff. Tec. ANIMA \u2013 Prot.10\/4 \u2013 6A\/aa del 21\/01\/79)<\/li><li>reconocido por AIRP, la Asociaci\u00f3n Italiana de Recauchutadores de Neum\u00e1ticos, como Laboratorio Oficial para la determinaci\u00f3n de las caracter\u00edsticas f\u00edsico-mec\u00e1nicas del material de caucho destinado al recauchutado de neum\u00e1ticos, de acuerdo con las Especificaciones AIRP LTH\/90 (Secretar\u00eda General de AIRP \u2013 Carta de fecha 06\/12\/83)<\/li><li>designado por la CIK-FIA (Commission Internationale de Karting \u2013 F\u00e9d\u00e9ration Internationale de l'Automobile) como laboratorio oficial para la homologaci\u00f3n de neum\u00e1ticos de carreras.<\/li><\/ul><p>\u00a0<\/p><p>Para descargar la certificaci\u00f3n de Accredia haga<strong> <a href=\"https:\/\/cerisie.it\/pdf\/721265.pdf\" target=\"_blank\" rel=\"noopener\">clic aqu\u00ed<\/a><\/strong>.<\/p><p>Para descargar la lista de pruebas acreditadas haga <a href=\"https:\/\/cerisie.it\/pdf\/PA54AR47.pdf\" target=\"_blank\" rel=\"noopener\"><strong>clic aqu\u00ed<\/strong><\/a>.<\/p>\t\t\t\t\t\t\t\t<\/div>\n\t\t\t\t<\/div>\n\t\t\t\t\t<\/div>\n\t\t<\/div>\n\t\t\t\t<div class=\"elementor-column elementor-col-50 elementor-top-column elementor-element elementor-element-b92481e\" data-id=\"b92481e\" data-element_type=\"column\" data-e-type=\"column\">\n\t\t\t<div class=\"elementor-widget-wrap elementor-element-populated\">\n\t\t\t\t\t\t<div class=\"elementor-element elementor-element-ce6e694 elementor-widget elementor-widget-image\" data-id=\"ce6e694\" data-element_type=\"widget\" data-e-type=\"widget\" data-widget_type=\"image.default\">\n\t\t\t\t<div class=\"elementor-widget-container\">\n\t\t\t\t\t\t\t\t\t\t\t\t\t\t\t<img fetchpriority=\"high\" decoding=\"async\" width=\"500\" height=\"494\" src=\"https:\/\/www.cerisie.it\/wp-content\/uploads\/2023\/06\/accreditamento.jpg\" class=\"attachment-full size-full wp-image-1457\" alt=\"\" srcset=\"https:\/\/www.cerisie.it\/wp-content\/uploads\/2023\/06\/accreditamento.jpg 500w, https:\/\/www.cerisie.it\/wp-content\/uploads\/2023\/06\/accreditamento-300x296.jpg 300w\" sizes=\"(max-width: 500px) 100vw, 500px\" \/>\t\t\t\t\t\t\t\t\t\t\t\t\t\t\t<\/div>\n\t\t\t\t<\/div>\n\t\t\t\t\t<\/div>\n\t\t<\/div>\n\t\t\t\t\t<\/div>\n\t\t<\/section>\n\t\t\t\t<\/div>","protected":false},"excerpt":{"rendered":"<p>Omologazione e riconoscimenti\u200b Il CERISIE per la sua comprovata esperienza e professionalit\u00e0 \u00e8: accreditato da ACCREDIA, Sistema Nazionale per l&#8217;Accreditamento di Laboratori (ISO 17025, Numero di accreditamento L0042) laboratorio omologato dalle Ferrovie dello Stato (Classif. TV. 101.2\/1439\/14.1\/1 del 25.03.77) inserito nell&#8217;Albo dei Laboratori Esterni Pubblici e Privati Altamente Qualificati autorizzati (art. 4 legge 46 del [&hellip;]<\/p>\n","protected":false},"author":1,"featured_media":0,"parent":0,"menu_order":0,"comment_status":"closed","ping_status":"closed","template":"","meta":{"footnotes":""},"class_list":["post-198","page","type-page","status-publish","hentry"],"_links":{"self":[{"href":"https:\/\/www.cerisie.it\/es\/wp-json\/wp\/v2\/pages\/198","targetHints":{"allow":["GET"]}}],"collection":[{"href":"https:\/\/www.cerisie.it\/es\/wp-json\/wp\/v2\/pages"}],"about":[{"href":"https:\/\/www.cerisie.it\/es\/wp-json\/wp\/v2\/types\/page"}],"author":[{"embeddable":true,"href":"https:\/\/www.cerisie.it\/es\/wp-json\/wp\/v2\/users\/1"}],"replies":[{"embeddable":true,"href":"https:\/\/www.cerisie.it\/es\/wp-json\/wp\/v2\/comments?post=198"}],"version-history":[{"count":13,"href":"https:\/\/www.cerisie.it\/es\/wp-json\/wp\/v2\/pages\/198\/revisions"}],"predecessor-version":[{"id":1876,"href":"https:\/\/www.cerisie.it\/es\/wp-json\/wp\/v2\/pages\/198\/revisions\/1876"}],"wp:attachment":[{"href":"https:\/\/www.cerisie.it\/es\/wp-json\/wp\/v2\/media?parent=198"}],"curies":[{"name":"wp","href":"https:\/\/api.w.org\/{rel}","templated":true}]}}