{"id":479,"date":"2022-04-19T09:32:43","date_gmt":"2022-04-19T07:32:43","guid":{"rendered":"https:\/\/www.g7international.info\/cerisie\/?page_id=479"},"modified":"2025-05-16T16:44:46","modified_gmt":"2025-05-16T14:44:46","slug":"alimentos-y-agua-potable","status":"publish","type":"page","link":"https:\/\/www.cerisie.it\/es\/alimentare-e-acqua-potabile\/","title":{"rendered":"ALIMENTOS Y AGUA POTABLE"},"content":{"rendered":"<div data-elementor-type=\"wp-page\" data-elementor-id=\"479\" class=\"elementor elementor-479\" data-elementor-post-type=\"page\">\n\t\t\t\t\t\t<section class=\"elementor-section elementor-top-section elementor-element elementor-element-24040f38 elementor-section-height-min-height elementor-section-boxed elementor-section-height-default elementor-section-items-middle\" data-id=\"24040f38\" data-element_type=\"section\" data-e-type=\"section\" data-settings=\"{&quot;background_background&quot;:&quot;classic&quot;}\">\n\t\t\t\t\t\t<div class=\"elementor-container elementor-column-gap-default\">\n\t\t\t\t\t<div class=\"elementor-column elementor-col-100 elementor-top-column elementor-element elementor-element-6368a8a8\" data-id=\"6368a8a8\" data-element_type=\"column\" data-e-type=\"column\">\n\t\t\t<div class=\"elementor-widget-wrap elementor-element-populated\">\n\t\t\t\t\t\t<div class=\"elementor-element elementor-element-56facf91 elementor-widget elementor-widget-heading\" data-id=\"56facf91\" data-element_type=\"widget\" data-e-type=\"widget\" data-widget_type=\"heading.default\">\n\t\t\t\t<div class=\"elementor-widget-container\">\n\t\t\t\t\t<h2 class=\"elementor-heading-title elementor-size-default\">ALIMENTOS Y AGUA POTABLE<\/h2>\t\t\t\t<\/div>\n\t\t\t\t<\/div>\n\t\t\t\t\t<\/div>\n\t\t<\/div>\n\t\t\t\t\t<\/div>\n\t\t<\/section>\n\t\t\t\t<section class=\"elementor-section elementor-top-section elementor-element elementor-element-25add1d elementor-section-boxed elementor-section-height-default elementor-section-height-default\" data-id=\"25add1d\" data-element_type=\"section\" data-e-type=\"section\">\n\t\t\t\t\t\t<div class=\"elementor-container elementor-column-gap-default\">\n\t\t\t\t\t<div class=\"elementor-column elementor-col-50 elementor-top-column elementor-element elementor-element-4883a2a\" data-id=\"4883a2a\" data-element_type=\"column\" data-e-type=\"column\">\n\t\t\t<div class=\"elementor-widget-wrap elementor-element-populated\">\n\t\t\t\t\t\t<div class=\"elementor-element elementor-element-b655a5d elementor-widget elementor-widget-text-editor\" data-id=\"b655a5d\" data-element_type=\"widget\" data-e-type=\"widget\" data-widget_type=\"text-editor.default\">\n\t\t\t\t<div class=\"elementor-widget-container\">\n\t\t\t\t\t\t\t\t\t<p>CERISIE, gracias a las competencias espec\u00edficas adquiridas en d\u00e9cadas de experiencia en el campo de las pruebas de FCM, ofrece un servicio de an\u00e1lisis para la verificaci\u00f3n de la idoneidad para el contacto con alimentos de acuerdo con las normativas nacionales, europeas e internacionales como:<\/p><ul><li>Decreto Ministerial 21\/03\/73<\/li><li>Recomendaciones de BfR<\/li><li>Legislaci\u00f3n francesa (arr\u00eat\u00e9)<\/li><li>Reglamento UE 10\/2011 (espec\u00edfico para pl\u00e1sticos)<\/li><li>De acuerdo con otros est\u00e1ndares internacionales, como FDA, GBT chino.<\/li><\/ul><p>CERISIE tambi\u00e9n es capaz de apoyar a las empresas que operan en el sector del agua potable de acuerdo con las normativas nacionales y europeas, tales como:<\/p><ul><li>Decreto Ministerial 104 de 2004<\/li><li>Recomendaci\u00f3n UBA (Umwelt Bundesamt)<\/li><li>Est\u00e1ndar W270 DVGW.<\/li><\/ul><p>CERISIE ofrece asistencia y evaluaci\u00f3n en las formulaciones de mezclas destinadas a la producci\u00f3n de productos utilizados en la industria alimentaria y de agua potable, y de las condiciones de prueba y simulantes que se utilizar\u00e1n sobre la base de las condiciones reales de uso de los productos.<\/p><p>CERISIE tiene como objetivo proporcionar a sus clientes un servicio actualizado y de excelencia, garantizando siempre la total confidencialidad de la informaci\u00f3n que se le proporciona.<\/p>\t\t\t\t\t\t\t\t<\/div>\n\t\t\t\t<\/div>\n\t\t\t\t\t<\/div>\n\t\t<\/div>\n\t\t\t\t<div class=\"elementor-column elementor-col-50 elementor-top-column elementor-element elementor-element-3b56326\" data-id=\"3b56326\" data-element_type=\"column\" data-e-type=\"column\">\n\t\t\t<div class=\"elementor-widget-wrap elementor-element-populated\">\n\t\t\t\t\t\t<div class=\"elementor-element elementor-element-5748799 elementor-widget elementor-widget-image\" data-id=\"5748799\" data-element_type=\"widget\" data-e-type=\"widget\" data-widget_type=\"image.default\">\n\t\t\t\t<div class=\"elementor-widget-container\">\n\t\t\t\t\t\t\t\t\t\t\t\t\t\t\t<img fetchpriority=\"high\" decoding=\"async\" width=\"500\" height=\"361\" src=\"https:\/\/www.cerisie.it\/wp-content\/uploads\/2023\/06\/food.jpg\" class=\"attachment-full size-full wp-image-1452\" alt=\"\" srcset=\"https:\/\/www.cerisie.it\/wp-content\/uploads\/2023\/06\/food.jpg 500w, https:\/\/www.cerisie.it\/wp-content\/uploads\/2023\/06\/food-300x217.jpg 300w\" sizes=\"(max-width: 500px) 100vw, 500px\" \/>\t\t\t\t\t\t\t\t\t\t\t\t\t\t\t<\/div>\n\t\t\t\t<\/div>\n\t\t\t\t\t<\/div>\n\t\t<\/div>\n\t\t\t\t\t<\/div>\n\t\t<\/section>\n\t\t\t\t<\/div>","protected":false},"excerpt":{"rendered":"<p>Alimentare e acqua potabile Il CERISIE, forte delle competenze specifiche maturate nella decennale esperienza nell\u2019ambito delle prove MOCA, offre un servizio di analisi per la verifica di idoneit\u00e0 al contatto con alimenti secondo normative nazionali, europee e internazionali come ad esempio: D.M. 21\/03\/73 Raccomandazioni BfR Legislazione Francese (Arret\u00e9) Regolamento Europeo UE 10\/2011 (specifico per le [&hellip;]<\/p>\n","protected":false},"author":1,"featured_media":0,"parent":0,"menu_order":0,"comment_status":"closed","ping_status":"closed","template":"elementor_header_footer","meta":{"footnotes":""},"class_list":["post-479","page","type-page","status-publish","hentry"],"_links":{"self":[{"href":"https:\/\/www.cerisie.it\/es\/wp-json\/wp\/v2\/pages\/479","targetHints":{"allow":["GET"]}}],"collection":[{"href":"https:\/\/www.cerisie.it\/es\/wp-json\/wp\/v2\/pages"}],"about":[{"href":"https:\/\/www.cerisie.it\/es\/wp-json\/wp\/v2\/types\/page"}],"author":[{"embeddable":true,"href":"https:\/\/www.cerisie.it\/es\/wp-json\/wp\/v2\/users\/1"}],"replies":[{"embeddable":true,"href":"https:\/\/www.cerisie.it\/es\/wp-json\/wp\/v2\/comments?post=479"}],"version-history":[{"count":1,"href":"https:\/\/www.cerisie.it\/es\/wp-json\/wp\/v2\/pages\/479\/revisions"}],"predecessor-version":[{"id":1571,"href":"https:\/\/www.cerisie.it\/es\/wp-json\/wp\/v2\/pages\/479\/revisions\/1571"}],"wp:attachment":[{"href":"https:\/\/www.cerisie.it\/es\/wp-json\/wp\/v2\/media?parent=479"}],"curies":[{"name":"wp","href":"https:\/\/api.w.org\/{rel}","templated":true}]}}