{"id":114,"date":"2022-01-27T09:42:33","date_gmt":"2022-01-27T08:42:33","guid":{"rendered":"https:\/\/www.g7international.info\/cerisie\/?page_id=114"},"modified":"2026-03-16T16:11:25","modified_gmt":"2026-03-16T15:11:25","slug":"formation","status":"publish","type":"page","link":"https:\/\/www.cerisie.it\/fr\/formazione\/","title":{"rendered":"FORMATION"},"content":{"rendered":"<div data-elementor-type=\"wp-page\" data-elementor-id=\"114\" class=\"elementor elementor-114\" data-elementor-post-type=\"page\">\n\t\t\t\t\t\t<section class=\"elementor-section elementor-top-section elementor-element elementor-element-650a6762 elementor-section-height-min-height elementor-section-boxed elementor-section-height-default elementor-section-items-middle\" data-id=\"650a6762\" data-element_type=\"section\" data-e-type=\"section\" data-settings=\"{&quot;background_background&quot;:&quot;classic&quot;}\">\n\t\t\t\t\t\t<div class=\"elementor-container elementor-column-gap-default\">\n\t\t\t\t\t<div class=\"elementor-column elementor-col-100 elementor-top-column elementor-element elementor-element-4159b75\" data-id=\"4159b75\" data-element_type=\"column\" data-e-type=\"column\">\n\t\t\t<div class=\"elementor-widget-wrap elementor-element-populated\">\n\t\t\t\t\t\t<div class=\"elementor-element elementor-element-135f9c77 elementor-widget elementor-widget-heading\" data-id=\"135f9c77\" data-element_type=\"widget\" data-e-type=\"widget\" data-widget_type=\"heading.default\">\n\t\t\t\t<div class=\"elementor-widget-container\">\n\t\t\t\t\t<h2 class=\"elementor-heading-title elementor-size-default\">FORMATION<\/h2>\t\t\t\t<\/div>\n\t\t\t\t<\/div>\n\t\t\t\t\t<\/div>\n\t\t<\/div>\n\t\t\t\t\t<\/div>\n\t\t<\/section>\n\t\t\t\t<section class=\"elementor-section elementor-top-section elementor-element elementor-element-c944f13 elementor-section-boxed elementor-section-height-default elementor-section-height-default\" data-id=\"c944f13\" data-element_type=\"section\" data-e-type=\"section\">\n\t\t\t\t\t\t<div class=\"elementor-container elementor-column-gap-default\">\n\t\t\t\t\t<div class=\"elementor-column elementor-col-50 elementor-top-column elementor-element elementor-element-e05ee1e\" data-id=\"e05ee1e\" data-element_type=\"column\" data-e-type=\"column\">\n\t\t\t<div class=\"elementor-widget-wrap elementor-element-populated\">\n\t\t\t\t\t\t<div class=\"elementor-element elementor-element-7e59c67 elementor-widget elementor-widget-text-editor\" data-id=\"7e59c67\" data-element_type=\"widget\" data-e-type=\"widget\" data-widget_type=\"text-editor.default\">\n\t\t\t\t<div class=\"elementor-widget-container\">\n\t\t\t\t\t\t\t\t\t<p><span style=\"color: var( --e-global-color-text );\">Il\u00a0<\/span><span style=\"color: var( --e-global-color-text );\">CERISIE est un actif d'ASSOGOMMA et collabore avec Assogomma Academy pour l'organisation et la gestion de formation sur les technologies du caoutchouc, destin\u00e9s aussi bien au personnel technique qu'au personnel affect\u00e9 \u00e0 des activit\u00e9s connexes (par exemple, ventes, achats, ressources humaines, etc.) ; Elle propose \u00e9galement des formations personnalis\u00e9es sur les tests et les \u00e9quipements de laboratoire associ\u00e9s.<\/span><\/p><p>Pour plus d\u2019informations, veuillez visiter le site de l\u2019Assogomma Academy <a href=\"https:\/\/www.assogommacademy.it\/\" target=\"_blank\" rel=\"noopener\"><strong>en cliquant ici.<\/strong><\/a>.\u00a0<\/p>\t\t\t\t\t\t\t\t<\/div>\n\t\t\t\t<\/div>\n\t\t\t\t\t<\/div>\n\t\t<\/div>\n\t\t\t\t<div class=\"elementor-column elementor-col-50 elementor-top-column elementor-element elementor-element-1f665f8\" data-id=\"1f665f8\" data-element_type=\"column\" data-e-type=\"column\">\n\t\t\t<div class=\"elementor-widget-wrap elementor-element-populated\">\n\t\t\t\t\t\t<div class=\"elementor-element elementor-element-f41d937 elementor-widget elementor-widget-image\" data-id=\"f41d937\" data-element_type=\"widget\" data-e-type=\"widget\" data-widget_type=\"image.default\">\n\t\t\t\t<div class=\"elementor-widget-container\">\n\t\t\t\t\t\t\t\t\t\t\t\t\t\t\t<img fetchpriority=\"high\" decoding=\"async\" width=\"600\" height=\"416\" src=\"https:\/\/www.cerisie.it\/wp-content\/uploads\/2023\/06\/formazione.jpg\" class=\"attachment-full size-full wp-image-1456\" alt=\"\" srcset=\"https:\/\/www.cerisie.it\/wp-content\/uploads\/2023\/06\/formazione.jpg 600w, https:\/\/www.cerisie.it\/wp-content\/uploads\/2023\/06\/formazione-300x208.jpg 300w\" sizes=\"(max-width: 600px) 100vw, 600px\" \/>\t\t\t\t\t\t\t\t\t\t\t\t\t\t\t<\/div>\n\t\t\t\t<\/div>\n\t\t\t\t\t<\/div>\n\t\t<\/div>\n\t\t\t\t\t<\/div>\n\t\t<\/section>\n\t\t\t\t<\/div>","protected":false},"excerpt":{"rendered":"<p>Formazione Il\u00a0CERISIE \u00e8 un Asset di ASSOGOMMA, e collabora con Assogomma Accademy per l\u2019organizzazione e la gestione di corsi di formazione sulle tecnologie della gomma, rivolti sia a personale tecnico che a personale addetto ad altre attivit\u00e0 connesse (es. commerciali, acquisti, risorse umane, ecc.); propone inoltre corsi personalizzati sui test e sulle strumentazioni di laboratorio [&hellip;]<\/p>\n","protected":false},"author":1,"featured_media":0,"parent":0,"menu_order":0,"comment_status":"closed","ping_status":"closed","template":"","meta":{"footnotes":""},"class_list":["post-114","page","type-page","status-publish","hentry"],"_links":{"self":[{"href":"https:\/\/www.cerisie.it\/fr\/wp-json\/wp\/v2\/pages\/114","targetHints":{"allow":["GET"]}}],"collection":[{"href":"https:\/\/www.cerisie.it\/fr\/wp-json\/wp\/v2\/pages"}],"about":[{"href":"https:\/\/www.cerisie.it\/fr\/wp-json\/wp\/v2\/types\/page"}],"author":[{"embeddable":true,"href":"https:\/\/www.cerisie.it\/fr\/wp-json\/wp\/v2\/users\/1"}],"replies":[{"embeddable":true,"href":"https:\/\/www.cerisie.it\/fr\/wp-json\/wp\/v2\/comments?post=114"}],"version-history":[{"count":10,"href":"https:\/\/www.cerisie.it\/fr\/wp-json\/wp\/v2\/pages\/114\/revisions"}],"predecessor-version":[{"id":2083,"href":"https:\/\/www.cerisie.it\/fr\/wp-json\/wp\/v2\/pages\/114\/revisions\/2083"}],"wp:attachment":[{"href":"https:\/\/www.cerisie.it\/fr\/wp-json\/wp\/v2\/media?parent=114"}],"curies":[{"name":"wp","href":"https:\/\/api.w.org\/{rel}","templated":true}]}}