{"id":140,"date":"2022-01-27T10:07:04","date_gmt":"2022-01-27T09:07:04","guid":{"rendered":"https:\/\/www.g7international.info\/cerisie\/?page_id=140"},"modified":"2025-05-16T16:44:46","modified_gmt":"2025-05-16T14:44:46","slug":"analyse-des-defaillances","status":"publish","type":"page","link":"https:\/\/www.cerisie.it\/fr\/ricerca-guasti\/","title":{"rendered":"Ricerca guasti"},"content":{"rendered":"<div data-elementor-type=\"wp-page\" data-elementor-id=\"140\" class=\"elementor elementor-140\" data-elementor-post-type=\"page\">\n\t\t\t\t\t\t<section class=\"elementor-section elementor-top-section elementor-element elementor-element-5c50063f elementor-section-height-min-height elementor-section-boxed elementor-section-height-default elementor-section-items-middle\" data-id=\"5c50063f\" data-element_type=\"section\" data-e-type=\"section\" data-settings=\"{&quot;background_background&quot;:&quot;classic&quot;}\">\n\t\t\t\t\t\t<div class=\"elementor-container elementor-column-gap-default\">\n\t\t\t\t\t<div class=\"elementor-column elementor-col-100 elementor-top-column elementor-element elementor-element-de9998e\" data-id=\"de9998e\" data-element_type=\"column\" data-e-type=\"column\">\n\t\t\t<div class=\"elementor-widget-wrap elementor-element-populated\">\n\t\t\t\t\t\t<div class=\"elementor-element elementor-element-17493dc0 elementor-widget elementor-widget-heading\" data-id=\"17493dc0\" data-element_type=\"widget\" data-e-type=\"widget\" data-widget_type=\"heading.default\">\n\t\t\t\t<div class=\"elementor-widget-container\">\n\t\t\t\t\t<h2 class=\"elementor-heading-title elementor-size-default\">ANALYSE DE LA DEFAILLANCE<\/h2>\t\t\t\t<\/div>\n\t\t\t\t<\/div>\n\t\t\t\t\t<\/div>\n\t\t<\/div>\n\t\t\t\t\t<\/div>\n\t\t<\/section>\n\t\t\t\t<section class=\"elementor-section elementor-top-section elementor-element elementor-element-acba890 elementor-section-boxed elementor-section-height-default elementor-section-height-default\" data-id=\"acba890\" data-element_type=\"section\" data-e-type=\"section\">\n\t\t\t\t\t\t<div class=\"elementor-container elementor-column-gap-default\">\n\t\t\t\t\t<div class=\"elementor-column elementor-col-50 elementor-top-column elementor-element elementor-element-c5fba71\" data-id=\"c5fba71\" data-element_type=\"column\" data-e-type=\"column\">\n\t\t\t<div class=\"elementor-widget-wrap elementor-element-populated\">\n\t\t\t\t\t\t<div class=\"elementor-element elementor-element-294ff6a elementor-widget elementor-widget-text-editor\" data-id=\"294ff6a\" data-element_type=\"widget\" data-e-type=\"widget\" data-widget_type=\"text-editor.default\">\n\t\t\t\t<div class=\"elementor-widget-container\">\n\t\t\t\t\t\t\t\t\t<p>Un composant d\u00e9fectueux est un produit fabriqu\u00e9 qui n\u2019est pas conforme \u00e0 une exigence de conception, de fabrication ou de stockage.<\/p><p>La pr\u00e9sence d\u2019un d\u00e9faut ne provoque pas toujours une d\u00e9faillance, mais son contr\u00f4le et sa pr\u00e9diction permettent de minimiser la possibilit\u00e9 qu\u2019une d\u00e9faillance se produise.<\/p><p>Le d\u00e9faut est donc l\u2019\u00e9tat final atteint par un produit, un composant (ou par le produit qui le contient) lors de son utilisation par l\u2019utilisateur final; c'est une anomalie qui compromet son bon fonctionnement.<\/p><p>L\u2019apparition d\u2019une anomalie sur un produit peut \u00e9galement \u00eatre source de litiges juridiques entre le fabricant, le fournisseur et le client ; C\u2019est pour ces raisons qu\u2019il devient essentiel d\u2019identifier l\u2019origine et, lorsque cela est possible, d\u2019en pr\u00e9venir la cause.<\/p><p>CERISIE a acquis une exp\u00e9rience significative dans la recherche et l\u2019identification des origines et des causes d\u2019une anomalie ou d\u2019un d\u00e9faut dans les composants et les produits finis.<\/p><p>Active dans ce secteur depuis des ann\u00e9es, CERISIE est un partenaire fiable pour analyser en d\u00e9tail les origines possibles des d\u00e9fauts et anomalies d'un composant ou d'un produit fabriqu\u00e9 et offre \u00e0 ses clients un service r\u00e9pondant aux besoins sp\u00e9cifiques de chaque entreprise.<\/p>\t\t\t\t\t\t\t\t<\/div>\n\t\t\t\t<\/div>\n\t\t\t\t<div class=\"elementor-element elementor-element-b461dfa elementor-widget elementor-widget-heading\" data-id=\"b461dfa\" data-element_type=\"widget\" data-e-type=\"widget\" data-widget_type=\"heading.default\">\n\t\t\t\t<div class=\"elementor-widget-container\">\n\t\t\t\t\t<h2 class=\"elementor-heading-title elementor-size-default\">CERISIE garantit une confidentialit\u00e9 totale sur les probl\u00e9matiques qui lui sont soumises.<\/h2>\t\t\t\t<\/div>\n\t\t\t\t<\/div>\n\t\t\t\t\t<\/div>\n\t\t<\/div>\n\t\t\t\t<div class=\"elementor-column elementor-col-50 elementor-top-column elementor-element elementor-element-5a5c33f\" data-id=\"5a5c33f\" data-element_type=\"column\" data-e-type=\"column\">\n\t\t\t<div class=\"elementor-widget-wrap elementor-element-populated\">\n\t\t\t\t\t\t<div class=\"elementor-element elementor-element-9677407 elementor-widget elementor-widget-image\" data-id=\"9677407\" data-element_type=\"widget\" data-e-type=\"widget\" data-widget_type=\"image.default\">\n\t\t\t\t<div class=\"elementor-widget-container\">\n\t\t\t\t\t\t\t\t\t\t\t\t\t\t\t<img fetchpriority=\"high\" decoding=\"async\" width=\"600\" height=\"539\" src=\"https:\/\/www.cerisie.it\/wp-content\/uploads\/2023\/06\/ricerca-guasti.jpg\" class=\"attachment-full size-full wp-image-1475\" alt=\"\" srcset=\"https:\/\/www.cerisie.it\/wp-content\/uploads\/2023\/06\/ricerca-guasti.jpg 600w, https:\/\/www.cerisie.it\/wp-content\/uploads\/2023\/06\/ricerca-guasti-300x270.jpg 300w\" sizes=\"(max-width: 600px) 100vw, 600px\" \/>\t\t\t\t\t\t\t\t\t\t\t\t\t\t\t<\/div>\n\t\t\t\t<\/div>\n\t\t\t\t\t<\/div>\n\t\t<\/div>\n\t\t\t\t\t<\/div>\n\t\t<\/section>\n\t\t\t\t<\/div>","protected":false},"excerpt":{"rendered":"<p>Failure analysis Un componente difettoso \u00e8 un manufatto non conforme a un requisito di progettazione, di produzione o di immagazzinamento. La presenza di un difetto non \u00e8 sempre causa di un guasto, ma il controllo e la sua previsione permettono di minimizzare la possibilit\u00e0 che un guasto avvenga. Il guasto \u00e8 quindi lo stato finale [&hellip;]<\/p>\n","protected":false},"author":1,"featured_media":0,"parent":0,"menu_order":0,"comment_status":"closed","ping_status":"closed","template":"","meta":{"footnotes":""},"class_list":["post-140","page","type-page","status-publish","hentry"],"_links":{"self":[{"href":"https:\/\/www.cerisie.it\/fr\/wp-json\/wp\/v2\/pages\/140","targetHints":{"allow":["GET"]}}],"collection":[{"href":"https:\/\/www.cerisie.it\/fr\/wp-json\/wp\/v2\/pages"}],"about":[{"href":"https:\/\/www.cerisie.it\/fr\/wp-json\/wp\/v2\/types\/page"}],"author":[{"embeddable":true,"href":"https:\/\/www.cerisie.it\/fr\/wp-json\/wp\/v2\/users\/1"}],"replies":[{"embeddable":true,"href":"https:\/\/www.cerisie.it\/fr\/wp-json\/wp\/v2\/comments?post=140"}],"version-history":[{"count":1,"href":"https:\/\/www.cerisie.it\/fr\/wp-json\/wp\/v2\/pages\/140\/revisions"}],"predecessor-version":[{"id":1586,"href":"https:\/\/www.cerisie.it\/fr\/wp-json\/wp\/v2\/pages\/140\/revisions\/1586"}],"wp:attachment":[{"href":"https:\/\/www.cerisie.it\/fr\/wp-json\/wp\/v2\/media?parent=140"}],"curies":[{"name":"wp","href":"https:\/\/api.w.org\/{rel}","templated":true}]}}