{"id":198,"date":"2022-01-31T10:57:04","date_gmt":"2022-01-31T09:57:04","guid":{"rendered":"https:\/\/www.g7international.info\/cerisie\/?page_id=198"},"modified":"2025-05-21T10:49:40","modified_gmt":"2025-05-21T08:49:40","slug":"approbation-et-recompenses","status":"publish","type":"page","link":"https:\/\/www.cerisie.it\/fr\/omologazione-e-riconoscimenti\/","title":{"rendered":"APPROBATION ET R\u00c9COMPENSES"},"content":{"rendered":"<div data-elementor-type=\"wp-page\" data-elementor-id=\"198\" class=\"elementor elementor-198\" data-elementor-post-type=\"page\">\n\t\t\t\t\t\t<section class=\"elementor-section elementor-top-section elementor-element elementor-element-6dda817c elementor-section-height-min-height elementor-section-boxed elementor-section-height-default elementor-section-items-middle\" data-id=\"6dda817c\" data-element_type=\"section\" data-e-type=\"section\" data-settings=\"{&quot;background_background&quot;:&quot;classic&quot;}\">\n\t\t\t\t\t\t<div class=\"elementor-container elementor-column-gap-default\">\n\t\t\t\t\t<div class=\"elementor-column elementor-col-100 elementor-top-column elementor-element elementor-element-335f79c4\" data-id=\"335f79c4\" data-element_type=\"column\" data-e-type=\"column\">\n\t\t\t<div class=\"elementor-widget-wrap elementor-element-populated\">\n\t\t\t\t\t\t<div class=\"elementor-element elementor-element-723bfae4 elementor-widget elementor-widget-heading\" data-id=\"723bfae4\" data-element_type=\"widget\" data-e-type=\"widget\" data-widget_type=\"heading.default\">\n\t\t\t\t<div class=\"elementor-widget-container\">\n\t\t\t\t\t<h2 class=\"elementor-heading-title elementor-size-default\">APPROBATION ET R\u00c9COMPENSES<\/h2>\t\t\t\t<\/div>\n\t\t\t\t<\/div>\n\t\t\t\t\t<\/div>\n\t\t<\/div>\n\t\t\t\t\t<\/div>\n\t\t<\/section>\n\t\t\t\t<section class=\"elementor-section elementor-top-section elementor-element elementor-element-961af12 elementor-section-boxed elementor-section-height-default elementor-section-height-default\" data-id=\"961af12\" data-element_type=\"section\" data-e-type=\"section\">\n\t\t\t\t\t\t<div class=\"elementor-container elementor-column-gap-default\">\n\t\t\t\t\t<div class=\"elementor-column elementor-col-50 elementor-top-column elementor-element elementor-element-de66022\" data-id=\"de66022\" data-element_type=\"column\" data-e-type=\"column\">\n\t\t\t<div class=\"elementor-widget-wrap elementor-element-populated\">\n\t\t\t\t\t\t<div class=\"elementor-element elementor-element-1643858 elementor-widget elementor-widget-text-editor\" data-id=\"1643858\" data-element_type=\"widget\" data-e-type=\"widget\" data-widget_type=\"text-editor.default\">\n\t\t\t\t<div class=\"elementor-widget-container\">\n\t\t\t\t\t\t\t\t\t<p>CERISIE pour son exp\u00e9rience et son professionnalisme av\u00e9r\u00e9s est un laboratoire:<\/p><ul><li>accr\u00e9dit\u00e9 par ACCREDIA, Syst\u00e8me national d'accr\u00e9ditation des laboratoires (ISO 17025, num\u00e9ro d'accr\u00e9ditation L0042)<\/li><li>agr\u00e9\u00e9 par les Chemins de fer de l'\u00c9tat (Classif. TV. 101.2\/1439\/14.1\/1 du 25.03.77)<\/li><li>inscrit au Registre des Laboratoires Externes Publics et Priv\u00e9s Hautement Qualifi\u00e9s autoris\u00e9s (art. 4 loi 46 du 17\/02\/1982) \u00e0 effectuer des recherches appliqu\u00e9es en faveur des moyennes et petites entreprises (D\u00e9cret Minist\u00e9riel 16\/06\/83)<\/li><li>pr\u00e9sent dans la norme UNI-CUNA 10186 en tant que Laboratoire Officiel pour la pr\u00e9paration et la fourniture de m\u00e9langes de r\u00e9f\u00e9rence pour \u00e9valuer les fluides de service utilis\u00e9s sur les v\u00e9hicules routiers, les machines agricoles et les engins de terrassement<\/li><li>approuv\u00e9 par la WDK (Association allemande des fabricants de produits en caoutchouc) comme organisme de certification pour les machines de changement de pneus pour pneus UHP et Runflat<\/li><li>autoris\u00e9 \u00e0 v\u00e9rifier l'\u00e9talonnage des durom\u00e8tres Shore A et Shore D conform\u00e9ment \u00e0 la norme UNI ISO 7619<\/li><li>inclus par Renault dans le classement de la disponibilit\u00e9 des tests accr\u00e9dit\u00e9s (en premi\u00e8re place en 2020)<\/li><li>reconnu par la F.I.D.A.L. (F\u00e9d\u00e9ration Italienne d'Athl\u00e9tisme) en tant que laboratoire officiel pour le contr\u00f4le des exigences physiques des surfaces d'athl\u00e9tisme (Circulaire F.I.D.A.L. 1\/94)<\/li><li>pr\u00e9sent dans la norme UNI ISO 7619 en tant que laboratoire officiel pour la pr\u00e9paration et la fourniture de disques de duret\u00e9 certifi\u00e9s pour le contr\u00f4le de l'\u00e9talonnage des durom\u00e8tres Shore A, Shore D, IRHD normal et microIRHD<\/li><li>reconnu par l'UCICIS (Union italienne des constructeurs de chariots \u00e9l\u00e9vateurs automoteurs et de v\u00e9hicules similaires) comme laboratoire officiel pour la r\u00e9alisation d'essais sur roues et supports complets pour utilisations \u00e0 propulsion manuelle ou tract\u00e9e, selon les normes UNI 10131 et ISO 2175 (Bureau technique ANIMA \u2013 Prot.10\/4 \u2013 6A\/aa du 21\/01\/79)<\/li><li>reconnu par l'AIRP, l'Association italienne des rechapeurs de pneus, comme laboratoire officiel pour la d\u00e9termination des caract\u00e9ristiques physico-m\u00e9caniques du mat\u00e9riau en caoutchouc destin\u00e9 au rechapage des pneus, selon la sp\u00e9cification AIRP LTH\/90 (Secr\u00e9tariat g\u00e9n\u00e9ral de l'AIRP - Lettre du 06\/12\/83)<\/li><li>d\u00e9sign\u00e9 par la CIK-FIA (Commission Internationale de Karting \u2013 F\u00e9d\u00e9ration Internationale de l\u2019Automobile) comme laboratoire officiel pour l\u2019homologation des pneumatiques de comp\u00e9tition.<\/li><\/ul><p>\u00a0<\/p><p>Pour t\u00e9l\u00e9charger la certification Accredia,<strong> <a href=\"https:\/\/cerisie.it\/pdf\/721265.pdf\" target=\"_blank\" rel=\"noopener\">cliquez ici<\/a><\/strong>.<\/p><p>Pour t\u00e9l\u00e9charger la liste des tests accr\u00e9dit\u00e9s <a href=\"https:\/\/cerisie.it\/pdf\/PA54AR47.pdf\" target=\"_blank\" rel=\"noopener\"><strong>cliquez ici<\/strong><\/a>.<\/p>\t\t\t\t\t\t\t\t<\/div>\n\t\t\t\t<\/div>\n\t\t\t\t\t<\/div>\n\t\t<\/div>\n\t\t\t\t<div class=\"elementor-column elementor-col-50 elementor-top-column elementor-element elementor-element-b92481e\" data-id=\"b92481e\" data-element_type=\"column\" data-e-type=\"column\">\n\t\t\t<div class=\"elementor-widget-wrap elementor-element-populated\">\n\t\t\t\t\t\t<div class=\"elementor-element elementor-element-ce6e694 elementor-widget elementor-widget-image\" data-id=\"ce6e694\" data-element_type=\"widget\" data-e-type=\"widget\" data-widget_type=\"image.default\">\n\t\t\t\t<div class=\"elementor-widget-container\">\n\t\t\t\t\t\t\t\t\t\t\t\t\t\t\t<img fetchpriority=\"high\" decoding=\"async\" width=\"500\" height=\"494\" src=\"https:\/\/www.cerisie.it\/wp-content\/uploads\/2023\/06\/accreditamento.jpg\" class=\"attachment-full size-full wp-image-1457\" alt=\"\" srcset=\"https:\/\/www.cerisie.it\/wp-content\/uploads\/2023\/06\/accreditamento.jpg 500w, https:\/\/www.cerisie.it\/wp-content\/uploads\/2023\/06\/accreditamento-300x296.jpg 300w\" sizes=\"(max-width: 500px) 100vw, 500px\" \/>\t\t\t\t\t\t\t\t\t\t\t\t\t\t\t<\/div>\n\t\t\t\t<\/div>\n\t\t\t\t\t<\/div>\n\t\t<\/div>\n\t\t\t\t\t<\/div>\n\t\t<\/section>\n\t\t\t\t<\/div>","protected":false},"excerpt":{"rendered":"<p>Omologazione e riconoscimenti\u200b Il CERISIE per la sua comprovata esperienza e professionalit\u00e0 \u00e8: accreditato da ACCREDIA, Sistema Nazionale per l&#8217;Accreditamento di Laboratori (ISO 17025, Numero di accreditamento L0042) laboratorio omologato dalle Ferrovie dello Stato (Classif. TV. 101.2\/1439\/14.1\/1 del 25.03.77) inserito nell&#8217;Albo dei Laboratori Esterni Pubblici e Privati Altamente Qualificati autorizzati (art. 4 legge 46 del [&hellip;]<\/p>\n","protected":false},"author":1,"featured_media":0,"parent":0,"menu_order":0,"comment_status":"closed","ping_status":"closed","template":"","meta":{"footnotes":""},"class_list":["post-198","page","type-page","status-publish","hentry"],"_links":{"self":[{"href":"https:\/\/www.cerisie.it\/fr\/wp-json\/wp\/v2\/pages\/198","targetHints":{"allow":["GET"]}}],"collection":[{"href":"https:\/\/www.cerisie.it\/fr\/wp-json\/wp\/v2\/pages"}],"about":[{"href":"https:\/\/www.cerisie.it\/fr\/wp-json\/wp\/v2\/types\/page"}],"author":[{"embeddable":true,"href":"https:\/\/www.cerisie.it\/fr\/wp-json\/wp\/v2\/users\/1"}],"replies":[{"embeddable":true,"href":"https:\/\/www.cerisie.it\/fr\/wp-json\/wp\/v2\/comments?post=198"}],"version-history":[{"count":13,"href":"https:\/\/www.cerisie.it\/fr\/wp-json\/wp\/v2\/pages\/198\/revisions"}],"predecessor-version":[{"id":1876,"href":"https:\/\/www.cerisie.it\/fr\/wp-json\/wp\/v2\/pages\/198\/revisions\/1876"}],"wp:attachment":[{"href":"https:\/\/www.cerisie.it\/fr\/wp-json\/wp\/v2\/media?parent=198"}],"curies":[{"name":"wp","href":"https:\/\/api.w.org\/{rel}","templated":true}]}}