{"id":479,"date":"2022-04-19T09:32:43","date_gmt":"2022-04-19T07:32:43","guid":{"rendered":"https:\/\/www.g7international.info\/cerisie\/?page_id=479"},"modified":"2025-05-16T16:44:46","modified_gmt":"2025-05-16T14:44:46","slug":"aliments-et-eau-potable","status":"publish","type":"page","link":"https:\/\/www.cerisie.it\/fr\/alimentare-e-acqua-potabile\/","title":{"rendered":"ALIMENTS ET EAU POTABLE"},"content":{"rendered":"<div data-elementor-type=\"wp-page\" data-elementor-id=\"479\" class=\"elementor elementor-479\" data-elementor-post-type=\"page\">\n\t\t\t\t\t\t<section class=\"elementor-section elementor-top-section elementor-element elementor-element-24040f38 elementor-section-height-min-height elementor-section-boxed elementor-section-height-default elementor-section-items-middle\" data-id=\"24040f38\" data-element_type=\"section\" data-e-type=\"section\" data-settings=\"{&quot;background_background&quot;:&quot;classic&quot;}\">\n\t\t\t\t\t\t<div class=\"elementor-container elementor-column-gap-default\">\n\t\t\t\t\t<div class=\"elementor-column elementor-col-100 elementor-top-column elementor-element elementor-element-6368a8a8\" data-id=\"6368a8a8\" data-element_type=\"column\" data-e-type=\"column\">\n\t\t\t<div class=\"elementor-widget-wrap elementor-element-populated\">\n\t\t\t\t\t\t<div class=\"elementor-element elementor-element-56facf91 elementor-widget elementor-widget-heading\" data-id=\"56facf91\" data-element_type=\"widget\" data-e-type=\"widget\" data-widget_type=\"heading.default\">\n\t\t\t\t<div class=\"elementor-widget-container\">\n\t\t\t\t\t<h2 class=\"elementor-heading-title elementor-size-default\">ALIMENTS ET EAU POTABLE<\/h2>\t\t\t\t<\/div>\n\t\t\t\t<\/div>\n\t\t\t\t\t<\/div>\n\t\t<\/div>\n\t\t\t\t\t<\/div>\n\t\t<\/section>\n\t\t\t\t<section class=\"elementor-section elementor-top-section elementor-element elementor-element-25add1d elementor-section-boxed elementor-section-height-default elementor-section-height-default\" data-id=\"25add1d\" data-element_type=\"section\" data-e-type=\"section\">\n\t\t\t\t\t\t<div class=\"elementor-container elementor-column-gap-default\">\n\t\t\t\t\t<div class=\"elementor-column elementor-col-50 elementor-top-column elementor-element elementor-element-4883a2a\" data-id=\"4883a2a\" data-element_type=\"column\" data-e-type=\"column\">\n\t\t\t<div class=\"elementor-widget-wrap elementor-element-populated\">\n\t\t\t\t\t\t<div class=\"elementor-element elementor-element-b655a5d elementor-widget elementor-widget-text-editor\" data-id=\"b655a5d\" data-element_type=\"widget\" data-e-type=\"widget\" data-widget_type=\"text-editor.default\">\n\t\t\t\t<div class=\"elementor-widget-container\">\n\t\t\t\t\t\t\t\t\t<p>CERISIE, gr\u00e2ce aux comp\u00e9tences sp\u00e9cifiques acquises au cours d'une d\u00e9cennie d'exp\u00e9rience dans le domaine des tests MOCA, propose un service d'analyse pour v\u00e9rifier l'aptitude au contact alimentaire selon les r\u00e9glementations nationales, europ\u00e9ennes et internationales telles que:<\/p><ul><li>D\u00e9cret italien minist\u00e9riel 21\/03\/73<\/li><li>Recommandations du BfR<\/li><li>L\u00e9gislation fran\u00e7aise (Arr\u00eat\u00e9)<\/li><li>R\u00e8glement europ\u00e9en UE 10\/2011 (sp\u00e9cifique aux plastiques)<\/li><li>Conform\u00e9ment \u00e0 d'autres normes internationales, telles que la FDA, le GBT chinois.<\/li><\/ul><p>CERISIE est \u00e9galement en mesure d'accompagner les entreprises op\u00e9rant dans le secteur de l'eau potable selon les r\u00e9glementations nationales et europ\u00e9ennes telles que:<\/p><ul><li>D\u00e9cret italien minist\u00e9riel 104 de 2004<\/li><li>Recommandation de l'UBA (Umwelt Bundesamt)<\/li><li>Norme W270 DVGW.<\/li><\/ul><p>CERISIE propose une assistance et une \u00e9valuation dans la formulation de m\u00e9langes destin\u00e9s \u00e0 la fabrication de produits utilis\u00e9s dans l'industrie agroalimentaire et de l'eau potable, ainsi que des conditions d'essai et des simulants \u00e0 utiliser sur la base des conditions r\u00e9elles d'utilisation des produits.<\/p><p>CERISIE a pour objectif de fournir \u00e0 ses clients un service toujours \u00e0 jour et excellent, garantissant toujours la confidentialit\u00e9 totale des informations qui lui sont fournies.<\/p>\t\t\t\t\t\t\t\t<\/div>\n\t\t\t\t<\/div>\n\t\t\t\t\t<\/div>\n\t\t<\/div>\n\t\t\t\t<div class=\"elementor-column elementor-col-50 elementor-top-column elementor-element elementor-element-3b56326\" data-id=\"3b56326\" data-element_type=\"column\" data-e-type=\"column\">\n\t\t\t<div class=\"elementor-widget-wrap elementor-element-populated\">\n\t\t\t\t\t\t<div class=\"elementor-element elementor-element-5748799 elementor-widget elementor-widget-image\" data-id=\"5748799\" data-element_type=\"widget\" data-e-type=\"widget\" data-widget_type=\"image.default\">\n\t\t\t\t<div class=\"elementor-widget-container\">\n\t\t\t\t\t\t\t\t\t\t\t\t\t\t\t<img fetchpriority=\"high\" decoding=\"async\" width=\"500\" height=\"361\" src=\"https:\/\/www.cerisie.it\/wp-content\/uploads\/2023\/06\/food.jpg\" class=\"attachment-full size-full wp-image-1452\" alt=\"\" srcset=\"https:\/\/www.cerisie.it\/wp-content\/uploads\/2023\/06\/food.jpg 500w, https:\/\/www.cerisie.it\/wp-content\/uploads\/2023\/06\/food-300x217.jpg 300w\" sizes=\"(max-width: 500px) 100vw, 500px\" \/>\t\t\t\t\t\t\t\t\t\t\t\t\t\t\t<\/div>\n\t\t\t\t<\/div>\n\t\t\t\t\t<\/div>\n\t\t<\/div>\n\t\t\t\t\t<\/div>\n\t\t<\/section>\n\t\t\t\t<\/div>","protected":false},"excerpt":{"rendered":"<p>Alimentare e acqua potabile Il CERISIE, forte delle competenze specifiche maturate nella decennale esperienza nell\u2019ambito delle prove MOCA, offre un servizio di analisi per la verifica di idoneit\u00e0 al contatto con alimenti secondo normative nazionali, europee e internazionali come ad esempio: D.M. 21\/03\/73 Raccomandazioni BfR Legislazione Francese (Arret\u00e9) Regolamento Europeo UE 10\/2011 (specifico per le [&hellip;]<\/p>\n","protected":false},"author":1,"featured_media":0,"parent":0,"menu_order":0,"comment_status":"closed","ping_status":"closed","template":"elementor_header_footer","meta":{"footnotes":""},"class_list":["post-479","page","type-page","status-publish","hentry"],"_links":{"self":[{"href":"https:\/\/www.cerisie.it\/fr\/wp-json\/wp\/v2\/pages\/479","targetHints":{"allow":["GET"]}}],"collection":[{"href":"https:\/\/www.cerisie.it\/fr\/wp-json\/wp\/v2\/pages"}],"about":[{"href":"https:\/\/www.cerisie.it\/fr\/wp-json\/wp\/v2\/types\/page"}],"author":[{"embeddable":true,"href":"https:\/\/www.cerisie.it\/fr\/wp-json\/wp\/v2\/users\/1"}],"replies":[{"embeddable":true,"href":"https:\/\/www.cerisie.it\/fr\/wp-json\/wp\/v2\/comments?post=479"}],"version-history":[{"count":1,"href":"https:\/\/www.cerisie.it\/fr\/wp-json\/wp\/v2\/pages\/479\/revisions"}],"predecessor-version":[{"id":1571,"href":"https:\/\/www.cerisie.it\/fr\/wp-json\/wp\/v2\/pages\/479\/revisions\/1571"}],"wp:attachment":[{"href":"https:\/\/www.cerisie.it\/fr\/wp-json\/wp\/v2\/media?parent=479"}],"curies":[{"name":"wp","href":"https:\/\/api.w.org\/{rel}","templated":true}]}}