{"id":102,"date":"2022-01-27T09:32:08","date_gmt":"2022-01-27T08:32:08","guid":{"rendered":"https:\/\/www.g7international.info\/cerisie\/?page_id=102"},"modified":"2025-05-17T01:00:26","modified_gmt":"2025-05-16T23:00:26","slug":"projetos-espesiais-e-consultoria","status":"publish","type":"page","link":"https:\/\/www.cerisie.it\/pt\/progetti-speciali-e-consulenza\/","title":{"rendered":"PROJETOS ESPECIAIS E CONSULTORIA"},"content":{"rendered":"<div data-elementor-type=\"wp-page\" data-elementor-id=\"102\" class=\"elementor elementor-102\" data-elementor-post-type=\"page\">\n\t\t\t\t\t\t<section class=\"elementor-section elementor-top-section elementor-element elementor-element-8b2bf elementor-section-height-min-height elementor-section-boxed elementor-section-height-default elementor-section-items-middle\" data-id=\"8b2bf\" data-element_type=\"section\" data-e-type=\"section\" data-settings=\"{&quot;background_background&quot;:&quot;classic&quot;}\">\n\t\t\t\t\t\t<div class=\"elementor-container elementor-column-gap-default\">\n\t\t\t\t\t<div class=\"elementor-column elementor-col-100 elementor-top-column elementor-element elementor-element-6ef421cb\" data-id=\"6ef421cb\" data-element_type=\"column\" data-e-type=\"column\">\n\t\t\t<div class=\"elementor-widget-wrap elementor-element-populated\">\n\t\t\t\t\t\t<div class=\"elementor-element elementor-element-63a5f288 elementor-widget elementor-widget-heading\" data-id=\"63a5f288\" data-element_type=\"widget\" data-e-type=\"widget\" data-widget_type=\"heading.default\">\n\t\t\t\t<div class=\"elementor-widget-container\">\n\t\t\t\t\t<h2 class=\"elementor-heading-title elementor-size-default\">PROJETOS ESPECIAIS E CONSULTORIA<\/h2>\t\t\t\t<\/div>\n\t\t\t\t<\/div>\n\t\t\t\t\t<\/div>\n\t\t<\/div>\n\t\t\t\t\t<\/div>\n\t\t<\/section>\n\t\t\t\t<section class=\"elementor-section elementor-top-section elementor-element elementor-element-34f1fb7 elementor-section-boxed elementor-section-height-default elementor-section-height-default\" data-id=\"34f1fb7\" data-element_type=\"section\" data-e-type=\"section\">\n\t\t\t\t\t\t<div class=\"elementor-container elementor-column-gap-no\">\n\t\t\t\t\t<div class=\"elementor-column elementor-col-50 elementor-top-column elementor-element elementor-element-adea2ca\" data-id=\"adea2ca\" data-element_type=\"column\" data-e-type=\"column\">\n\t\t\t<div class=\"elementor-widget-wrap elementor-element-populated\">\n\t\t\t\t\t\t<div class=\"elementor-element elementor-element-628be78 elementor-widget elementor-widget-heading\" data-id=\"628be78\" data-element_type=\"widget\" data-e-type=\"widget\" data-widget_type=\"heading.default\">\n\t\t\t\t<div class=\"elementor-widget-container\">\n\t\t\t\t\t<h2 class=\"elementor-heading-title elementor-size-default\">O CERISIE oferece aos seus clientes um grupo de profissionais altamente qualificados para<\/h2>\t\t\t\t<\/div>\n\t\t\t\t<\/div>\n\t\t\t\t<div class=\"elementor-element elementor-element-e3fe200 elementor-widget elementor-widget-text-editor\" data-id=\"e3fe200\" data-element_type=\"widget\" data-e-type=\"widget\" data-widget_type=\"text-editor.default\">\n\t\t\t\t<div class=\"elementor-widget-container\">\n\t\t\t\t\t\t\t\t\t<ul><li>consultoria no setor de pol\u00edmeros, tamb\u00e9m com o apoio de colabora\u00e7\u00f5es universit\u00e1rias.<\/li><li>verifica\u00e7\u00e3o do cumprimento das normas de adequa\u00e7\u00e3o para contato com alimentos e \u00e1gua pot\u00e1vel, e para impacto ambiental.<\/li><li>suporte t\u00e9cnico e testes, incluindo n\u00e3o padronizados.<\/li><li>consultoria sobre materiais e ingredientes com caracter\u00edsticas particulares.<\/li><li>desenvolvimento de compostos para otimiza\u00e7\u00e3o de propriedades ou para a produ\u00e7\u00e3o de artigos para usos espec\u00edficos.<\/li><li>an\u00e1lise de falhas em produtos de borracha e busca por suas origens.<\/li><\/ul>\t\t\t\t\t\t\t\t<\/div>\n\t\t\t\t<\/div>\n\t\t\t\t<div class=\"elementor-element elementor-element-984f391 elementor-widget elementor-widget-heading\" data-id=\"984f391\" data-element_type=\"widget\" data-e-type=\"widget\" data-widget_type=\"heading.default\">\n\t\t\t\t<div class=\"elementor-widget-container\">\n\t\t\t\t\t<h2 class=\"elementor-heading-title elementor-size-default\">O CERISIE oferece suporte em tecnologias de produ\u00e7\u00e3o inovadoras<\/h2>\t\t\t\t<\/div>\n\t\t\t\t<\/div>\n\t\t\t\t<div class=\"elementor-element elementor-element-39c52c8 elementor-widget elementor-widget-text-editor\" data-id=\"39c52c8\" data-element_type=\"widget\" data-e-type=\"widget\" data-widget_type=\"text-editor.default\">\n\t\t\t\t<div class=\"elementor-widget-container\">\n\t\t\t\t\t\t\t\t\t<ul><li>rastreabilidade e introdu\u00e7\u00e3o de RFID<\/li><li>vis\u00e3o artificial para controles de processo e qualidade<\/li><li>IoT (\u201cinternet das coisas\u201d) aplicada \u00e0 produ\u00e7\u00e3o<\/li><li>processamento de dados e intelig\u00eancia artificial.<\/li><\/ul>\t\t\t\t\t\t\t\t<\/div>\n\t\t\t\t<\/div>\n\t\t\t\t<div class=\"elementor-element elementor-element-dc732f6 elementor-widget elementor-widget-heading\" data-id=\"dc732f6\" data-element_type=\"widget\" data-e-type=\"widget\" data-widget_type=\"heading.default\">\n\t\t\t\t<div class=\"elementor-widget-container\">\n\t\t\t\t\t<h2 class=\"elementor-heading-title elementor-size-default\">O CERISIE garante total confidencialidade sobre os problemas que lhe s\u00e3o submetidos e a exclusividade dos resultados obtidos para o cliente.<\/h2>\t\t\t\t<\/div>\n\t\t\t\t<\/div>\n\t\t\t\t\t<\/div>\n\t\t<\/div>\n\t\t\t\t<div class=\"elementor-column elementor-col-50 elementor-top-column elementor-element elementor-element-a01e6e5\" data-id=\"a01e6e5\" data-element_type=\"column\" data-e-type=\"column\">\n\t\t\t<div class=\"elementor-widget-wrap elementor-element-populated\">\n\t\t\t\t\t\t<div class=\"elementor-element elementor-element-301d5da elementor-widget elementor-widget-image\" data-id=\"301d5da\" data-element_type=\"widget\" data-e-type=\"widget\" data-widget_type=\"image.default\">\n\t\t\t\t<div class=\"elementor-widget-container\">\n\t\t\t\t\t\t\t\t\t\t\t\t\t\t\t<img fetchpriority=\"high\" decoding=\"async\" width=\"463\" height=\"600\" src=\"https:\/\/www.cerisie.it\/wp-content\/uploads\/2023\/06\/ps-e-consulenza-new.jpg\" class=\"attachment-full size-full wp-image-1471\" alt=\"\" srcset=\"https:\/\/www.cerisie.it\/wp-content\/uploads\/2023\/06\/ps-e-consulenza-new.jpg 463w, https:\/\/www.cerisie.it\/wp-content\/uploads\/2023\/06\/ps-e-consulenza-new-232x300.jpg 232w\" sizes=\"(max-width: 463px) 100vw, 463px\" \/>\t\t\t\t\t\t\t\t\t\t\t\t\t\t\t<\/div>\n\t\t\t\t<\/div>\n\t\t\t\t\t<\/div>\n\t\t<\/div>\n\t\t\t\t\t<\/div>\n\t\t<\/section>\n\t\t\t\t<\/div>","protected":false},"excerpt":{"rendered":"<p>Progetti speciali &amp; Consulenza Il CERISIE mette a disposizione dei suoi clienti un gruppo di professionisti altamente qualificati per consulenze nel settore dei polimeri, anche con il supporto di collaborazioni universitarie verifica di conformit\u00e0 ai regolamenti per l&#8217;idoneit\u00e0 al contatto con gli alimenti e con l&#8217;acqua potabile, e per l&#8217;impatto ambientale supporto tecnico e test [&hellip;]<\/p>\n","protected":false},"author":1,"featured_media":0,"parent":0,"menu_order":0,"comment_status":"closed","ping_status":"closed","template":"","meta":{"footnotes":""},"class_list":["post-102","page","type-page","status-publish","hentry"],"_links":{"self":[{"href":"https:\/\/www.cerisie.it\/pt\/wp-json\/wp\/v2\/pages\/102","targetHints":{"allow":["GET"]}}],"collection":[{"href":"https:\/\/www.cerisie.it\/pt\/wp-json\/wp\/v2\/pages"}],"about":[{"href":"https:\/\/www.cerisie.it\/pt\/wp-json\/wp\/v2\/types\/page"}],"author":[{"embeddable":true,"href":"https:\/\/www.cerisie.it\/pt\/wp-json\/wp\/v2\/users\/1"}],"replies":[{"embeddable":true,"href":"https:\/\/www.cerisie.it\/pt\/wp-json\/wp\/v2\/comments?post=102"}],"version-history":[{"count":7,"href":"https:\/\/www.cerisie.it\/pt\/wp-json\/wp\/v2\/pages\/102\/revisions"}],"predecessor-version":[{"id":1606,"href":"https:\/\/www.cerisie.it\/pt\/wp-json\/wp\/v2\/pages\/102\/revisions\/1606"}],"wp:attachment":[{"href":"https:\/\/www.cerisie.it\/pt\/wp-json\/wp\/v2\/media?parent=102"}],"curies":[{"name":"wp","href":"https:\/\/api.w.org\/{rel}","templated":true}]}}