{"id":140,"date":"2022-01-27T10:07:04","date_gmt":"2022-01-27T09:07:04","guid":{"rendered":"https:\/\/www.g7international.info\/cerisie\/?page_id=140"},"modified":"2025-05-16T16:44:46","modified_gmt":"2025-05-16T14:44:46","slug":"analise-de-falhas","status":"publish","type":"page","link":"https:\/\/www.cerisie.it\/pt\/ricerca-guasti\/","title":{"rendered":"Ricerca guasti"},"content":{"rendered":"<div data-elementor-type=\"wp-page\" data-elementor-id=\"140\" class=\"elementor elementor-140\" data-elementor-post-type=\"page\">\n\t\t\t\t\t\t<section class=\"elementor-section elementor-top-section elementor-element elementor-element-5c50063f elementor-section-height-min-height elementor-section-boxed elementor-section-height-default elementor-section-items-middle\" data-id=\"5c50063f\" data-element_type=\"section\" data-e-type=\"section\" data-settings=\"{&quot;background_background&quot;:&quot;classic&quot;}\">\n\t\t\t\t\t\t<div class=\"elementor-container elementor-column-gap-default\">\n\t\t\t\t\t<div class=\"elementor-column elementor-col-100 elementor-top-column elementor-element elementor-element-de9998e\" data-id=\"de9998e\" data-element_type=\"column\" data-e-type=\"column\">\n\t\t\t<div class=\"elementor-widget-wrap elementor-element-populated\">\n\t\t\t\t\t\t<div class=\"elementor-element elementor-element-17493dc0 elementor-widget elementor-widget-heading\" data-id=\"17493dc0\" data-element_type=\"widget\" data-e-type=\"widget\" data-widget_type=\"heading.default\">\n\t\t\t\t<div class=\"elementor-widget-container\">\n\t\t\t\t\t<h2 class=\"elementor-heading-title elementor-size-default\">AN\u00c1LISE DE FALHAS<\/h2>\t\t\t\t<\/div>\n\t\t\t\t<\/div>\n\t\t\t\t\t<\/div>\n\t\t<\/div>\n\t\t\t\t\t<\/div>\n\t\t<\/section>\n\t\t\t\t<section class=\"elementor-section elementor-top-section elementor-element elementor-element-acba890 elementor-section-boxed elementor-section-height-default elementor-section-height-default\" data-id=\"acba890\" data-element_type=\"section\" data-e-type=\"section\">\n\t\t\t\t\t\t<div class=\"elementor-container elementor-column-gap-default\">\n\t\t\t\t\t<div class=\"elementor-column elementor-col-50 elementor-top-column elementor-element elementor-element-c5fba71\" data-id=\"c5fba71\" data-element_type=\"column\" data-e-type=\"column\">\n\t\t\t<div class=\"elementor-widget-wrap elementor-element-populated\">\n\t\t\t\t\t\t<div class=\"elementor-element elementor-element-294ff6a elementor-widget elementor-widget-text-editor\" data-id=\"294ff6a\" data-element_type=\"widget\" data-e-type=\"widget\" data-widget_type=\"text-editor.default\">\n\t\t\t\t<div class=\"elementor-widget-container\">\n\t\t\t\t\t\t\t\t\t<p>Um componente defeituoso \u00e9 um item que n\u00e3o atende a um requisito de projeto, produ\u00e7\u00e3o ou armazenamento.<\/p><p>A presen\u00e7a de um defeito nem sempre \u00e9 a causa de uma falha, mas seu controle e previs\u00e3o permitem minimizar a possibilidade de ocorr\u00eancia de uma falha.<\/p><p>A falha \u00e9, portanto, o estado final atingido por um item, componente (ou pelo produto que o cont\u00e9m) durante sua utiliza\u00e7\u00e3o pelo usu\u00e1rio final; \u00e9 uma anomalia que compromete o funcionamento adequado.<\/p><p>A ocorr\u00eancia de uma anomalia em um item tamb\u00e9m pode ser fonte de disputas judiciais entre o fabricante, o fornecedor e o cliente; \u00e9 por essas raz\u00f5es que se torna essencial identificar a origem e, quando poss\u00edvel, prevenir a causa.<\/p><p>O CERISIE desenvolveu um profissionalismo significativo por meio da experi\u00eancia na pesquisa e identifica\u00e7\u00e3o das origens e causas de anomalias ou defeitos em componentes e produtos finais.<\/p><p>Atuando neste setor h\u00e1 anos, o CERISIE \u00e9 um parceiro confi\u00e1vel para analisar detalhadamente as poss\u00edveis origens de defeitos e anomalias de um componente ou produto fabricado, oferecendo aos clientes um servi\u00e7o que atende \u00e0s necessidades espec\u00edficas de cada empresa.<\/p>\t\t\t\t\t\t\t\t<\/div>\n\t\t\t\t<\/div>\n\t\t\t\t<div class=\"elementor-element elementor-element-b461dfa elementor-widget elementor-widget-heading\" data-id=\"b461dfa\" data-element_type=\"widget\" data-e-type=\"widget\" data-widget_type=\"heading.default\">\n\t\t\t\t<div class=\"elementor-widget-container\">\n\t\t\t\t\t<h2 class=\"elementor-heading-title elementor-size-default\">O CERISIE garante total confidencialidade sobre os problemas que lhe s\u00e3o apresentados.<\/h2>\t\t\t\t<\/div>\n\t\t\t\t<\/div>\n\t\t\t\t\t<\/div>\n\t\t<\/div>\n\t\t\t\t<div class=\"elementor-column elementor-col-50 elementor-top-column elementor-element elementor-element-5a5c33f\" data-id=\"5a5c33f\" data-element_type=\"column\" data-e-type=\"column\">\n\t\t\t<div class=\"elementor-widget-wrap elementor-element-populated\">\n\t\t\t\t\t\t<div class=\"elementor-element elementor-element-9677407 elementor-widget elementor-widget-image\" data-id=\"9677407\" data-element_type=\"widget\" data-e-type=\"widget\" data-widget_type=\"image.default\">\n\t\t\t\t<div class=\"elementor-widget-container\">\n\t\t\t\t\t\t\t\t\t\t\t\t\t\t\t<img fetchpriority=\"high\" decoding=\"async\" width=\"600\" height=\"539\" src=\"https:\/\/www.cerisie.it\/wp-content\/uploads\/2023\/06\/ricerca-guasti.jpg\" class=\"attachment-full size-full wp-image-1475\" alt=\"\" srcset=\"https:\/\/www.cerisie.it\/wp-content\/uploads\/2023\/06\/ricerca-guasti.jpg 600w, https:\/\/www.cerisie.it\/wp-content\/uploads\/2023\/06\/ricerca-guasti-300x270.jpg 300w\" sizes=\"(max-width: 600px) 100vw, 600px\" \/>\t\t\t\t\t\t\t\t\t\t\t\t\t\t\t<\/div>\n\t\t\t\t<\/div>\n\t\t\t\t\t<\/div>\n\t\t<\/div>\n\t\t\t\t\t<\/div>\n\t\t<\/section>\n\t\t\t\t<\/div>","protected":false},"excerpt":{"rendered":"<p>Failure analysis Un componente difettoso \u00e8 un manufatto non conforme a un requisito di progettazione, di produzione o di immagazzinamento. La presenza di un difetto non \u00e8 sempre causa di un guasto, ma il controllo e la sua previsione permettono di minimizzare la possibilit\u00e0 che un guasto avvenga. Il guasto \u00e8 quindi lo stato finale [&hellip;]<\/p>\n","protected":false},"author":1,"featured_media":0,"parent":0,"menu_order":0,"comment_status":"closed","ping_status":"closed","template":"","meta":{"footnotes":""},"class_list":["post-140","page","type-page","status-publish","hentry"],"_links":{"self":[{"href":"https:\/\/www.cerisie.it\/pt\/wp-json\/wp\/v2\/pages\/140","targetHints":{"allow":["GET"]}}],"collection":[{"href":"https:\/\/www.cerisie.it\/pt\/wp-json\/wp\/v2\/pages"}],"about":[{"href":"https:\/\/www.cerisie.it\/pt\/wp-json\/wp\/v2\/types\/page"}],"author":[{"embeddable":true,"href":"https:\/\/www.cerisie.it\/pt\/wp-json\/wp\/v2\/users\/1"}],"replies":[{"embeddable":true,"href":"https:\/\/www.cerisie.it\/pt\/wp-json\/wp\/v2\/comments?post=140"}],"version-history":[{"count":1,"href":"https:\/\/www.cerisie.it\/pt\/wp-json\/wp\/v2\/pages\/140\/revisions"}],"predecessor-version":[{"id":1586,"href":"https:\/\/www.cerisie.it\/pt\/wp-json\/wp\/v2\/pages\/140\/revisions\/1586"}],"wp:attachment":[{"href":"https:\/\/www.cerisie.it\/pt\/wp-json\/wp\/v2\/media?parent=140"}],"curies":[{"name":"wp","href":"https:\/\/api.w.org\/{rel}","templated":true}]}}