{"id":198,"date":"2022-01-31T10:57:04","date_gmt":"2022-01-31T09:57:04","guid":{"rendered":"https:\/\/www.g7international.info\/cerisie\/?page_id=198"},"modified":"2025-05-21T10:49:40","modified_gmt":"2025-05-21T08:49:40","slug":"aprovacoes-e-premios","status":"publish","type":"page","link":"https:\/\/www.cerisie.it\/pt\/omologazione-e-riconoscimenti\/","title":{"rendered":"APROVA\u00c7\u00d5ES E PR\u00caMIOS"},"content":{"rendered":"<div data-elementor-type=\"wp-page\" data-elementor-id=\"198\" class=\"elementor elementor-198\" data-elementor-post-type=\"page\">\n\t\t\t\t\t\t<section class=\"elementor-section elementor-top-section elementor-element elementor-element-6dda817c elementor-section-height-min-height elementor-section-boxed elementor-section-height-default elementor-section-items-middle\" data-id=\"6dda817c\" data-element_type=\"section\" data-e-type=\"section\" data-settings=\"{&quot;background_background&quot;:&quot;classic&quot;}\">\n\t\t\t\t\t\t<div class=\"elementor-container elementor-column-gap-default\">\n\t\t\t\t\t<div class=\"elementor-column elementor-col-100 elementor-top-column elementor-element elementor-element-335f79c4\" data-id=\"335f79c4\" data-element_type=\"column\" data-e-type=\"column\">\n\t\t\t<div class=\"elementor-widget-wrap elementor-element-populated\">\n\t\t\t\t\t\t<div class=\"elementor-element elementor-element-723bfae4 elementor-widget elementor-widget-heading\" data-id=\"723bfae4\" data-element_type=\"widget\" data-e-type=\"widget\" data-widget_type=\"heading.default\">\n\t\t\t\t<div class=\"elementor-widget-container\">\n\t\t\t\t\t<h2 class=\"elementor-heading-title elementor-size-default\">APROVA\u00c7\u00d5ES E PR\u00caMIOS<\/h2>\t\t\t\t<\/div>\n\t\t\t\t<\/div>\n\t\t\t\t\t<\/div>\n\t\t<\/div>\n\t\t\t\t\t<\/div>\n\t\t<\/section>\n\t\t\t\t<section class=\"elementor-section elementor-top-section elementor-element elementor-element-961af12 elementor-section-boxed elementor-section-height-default elementor-section-height-default\" data-id=\"961af12\" data-element_type=\"section\" data-e-type=\"section\">\n\t\t\t\t\t\t<div class=\"elementor-container elementor-column-gap-default\">\n\t\t\t\t\t<div class=\"elementor-column elementor-col-50 elementor-top-column elementor-element elementor-element-de66022\" data-id=\"de66022\" data-element_type=\"column\" data-e-type=\"column\">\n\t\t\t<div class=\"elementor-widget-wrap elementor-element-populated\">\n\t\t\t\t\t\t<div class=\"elementor-element elementor-element-1643858 elementor-widget elementor-widget-text-editor\" data-id=\"1643858\" data-element_type=\"widget\" data-e-type=\"widget\" data-widget_type=\"text-editor.default\">\n\t\t\t\t<div class=\"elementor-widget-container\">\n\t\t\t\t\t\t\t\t\t<p>A CERISIE, por sua comprovada experi\u00eancia e profissionalismo, \u00e9:<\/p><ul><li>credenciada pela ACCREDIA, o Sistema Nacional de Acredita\u00e7\u00e3o de Laborat\u00f3rios (ISO 17025, N\u00famero de Acredita\u00e7\u00e3o L0042)<\/li><li>laborat\u00f3rio credenciado pela Ferrovia Estatal Italiana (Classifica\u00e7\u00e3o TV. 101.2\/1439\/14.1\/1 de 25.03.77)<\/li><li>inscrita no Registro de Laborat\u00f3rios Externos P\u00fablicos e Privados Altamente Qualificados, autorizados (art. 4\u00ba, Lei 46 de 17\/02\/1982) a realizar pesquisas aplicadas para m\u00e9dias e pequenas empresas (Decreto Ministerial de 16\/06\/83)<\/li><li>presente na norma UNI-CUNA 10186 como Laborat\u00f3rio Oficial para a prepara\u00e7\u00e3o e fornecimento de misturas de refer\u00eancia para avalia\u00e7\u00e3o de fluidos de servi\u00e7o utilizados em ve\u00edculos rodovi\u00e1rios, m\u00e1quinas agr\u00edcolas e m\u00e1quinas de movimenta\u00e7\u00e3o de terra<\/li><li>credenciada pela WDK (Associa\u00e7\u00e3o Alem\u00e3 de Fabricantes de Produtos de Borracha) como entidade certificadora carroceria para desmontadoras de pneus UHP e Runflat<\/li><li>autorizada a verificar a calibra\u00e7\u00e3o dos dur\u00f4metros Shore A e Shore D em conformidade com a norma UNI ISO 7619<\/li><li>inclu\u00edda pela Renault no ranking de disponibilidade de testes acreditados (em primeiro lugar em 2020)<\/li><li>reconhecida pela F.I.D.A.L. (Federa\u00e7\u00e3o Italiana de Atletismo) como laborat\u00f3rio oficial para a verifica\u00e7\u00e3o dos requisitos f\u00edsicos das superf\u00edcies de atletismo (Circular F.I.D.A.L. 1\/94)<\/li><li>presente na norma UNI ISO 7619 como laborat\u00f3rio oficial para a prepara\u00e7\u00e3o e fornecimento de discos de dureza certificados para verifica\u00e7\u00e3o da calibra\u00e7\u00e3o dos dur\u00f4metros Shore A, Shore D, IRHD normal e microIRHD<\/li><li>reconhecido pela UCICIS (Uni\u00e3o Italiana dos Fabricantes de Carros Industriais Autopropelidos e Ve\u00edculos Similares) como laborat\u00f3rio oficial para a realiza\u00e7\u00e3o de ensaios em rodas e suportes completos para uso manual ou rebocado, de acordo com as normas UNI 10131 e ISO 2175 (Escrit\u00f3rio T\u00e9cnico ANIMA \u2013 Prot.10\/4 \u2013 6A\/aa de 21\/01\/79)<\/li><li>reconhecido pela AIRP, Associa\u00e7\u00e3o Italiana de Reformadores de Pneus, como Laborat\u00f3rio Oficial para a determina\u00e7\u00e3o das caracter\u00edsticas f\u00edsico-mec\u00e2nicas do material de borracha destinado \u00e0 reconstru\u00e7\u00e3o de pneus, de acordo com a Especifica\u00e7\u00e3o AIRP LTH\/90 (Secretaria Geral da AIRP \u2013 Carta de 06\/12\/83)<\/li><li>designado pela CIK-FIA (Comiss\u00e3o Internacional de Karting \u2013 Federa\u00e7\u00e3o Internacional do Autom\u00f3vel) como laborat\u00f3rio oficial para a homologa\u00e7\u00e3o de pneus de corrida.<\/li><\/ul><p>\u00a0<\/p><p>Para baixar a certifica\u00e7\u00e3o Accredia,<strong> <a href=\"https:\/\/cerisie.it\/pdf\/721265.pdf\" target=\"_blank\" rel=\"noopener\">clique aqui<\/a><\/strong>.<\/p><p>Para baixar a lista de testes credenciados, <a href=\"https:\/\/cerisie.it\/pdf\/PA54AR47.pdf\" target=\"_blank\" rel=\"noopener\"><strong>clique aqui<\/strong><\/a>.<\/p>\t\t\t\t\t\t\t\t<\/div>\n\t\t\t\t<\/div>\n\t\t\t\t\t<\/div>\n\t\t<\/div>\n\t\t\t\t<div class=\"elementor-column elementor-col-50 elementor-top-column elementor-element elementor-element-b92481e\" data-id=\"b92481e\" data-element_type=\"column\" data-e-type=\"column\">\n\t\t\t<div class=\"elementor-widget-wrap elementor-element-populated\">\n\t\t\t\t\t\t<div class=\"elementor-element elementor-element-ce6e694 elementor-widget elementor-widget-image\" data-id=\"ce6e694\" data-element_type=\"widget\" data-e-type=\"widget\" data-widget_type=\"image.default\">\n\t\t\t\t<div class=\"elementor-widget-container\">\n\t\t\t\t\t\t\t\t\t\t\t\t\t\t\t<img fetchpriority=\"high\" decoding=\"async\" width=\"500\" height=\"494\" src=\"https:\/\/www.cerisie.it\/wp-content\/uploads\/2023\/06\/accreditamento.jpg\" class=\"attachment-full size-full wp-image-1457\" alt=\"\" srcset=\"https:\/\/www.cerisie.it\/wp-content\/uploads\/2023\/06\/accreditamento.jpg 500w, https:\/\/www.cerisie.it\/wp-content\/uploads\/2023\/06\/accreditamento-300x296.jpg 300w\" sizes=\"(max-width: 500px) 100vw, 500px\" \/>\t\t\t\t\t\t\t\t\t\t\t\t\t\t\t<\/div>\n\t\t\t\t<\/div>\n\t\t\t\t\t<\/div>\n\t\t<\/div>\n\t\t\t\t\t<\/div>\n\t\t<\/section>\n\t\t\t\t<\/div>","protected":false},"excerpt":{"rendered":"<p>Omologazione e riconoscimenti\u200b Il CERISIE per la sua comprovata esperienza e professionalit\u00e0 \u00e8: accreditato da ACCREDIA, Sistema Nazionale per l&#8217;Accreditamento di Laboratori (ISO 17025, Numero di accreditamento L0042) laboratorio omologato dalle Ferrovie dello Stato (Classif. TV. 101.2\/1439\/14.1\/1 del 25.03.77) inserito nell&#8217;Albo dei Laboratori Esterni Pubblici e Privati Altamente Qualificati autorizzati (art. 4 legge 46 del [&hellip;]<\/p>\n","protected":false},"author":1,"featured_media":0,"parent":0,"menu_order":0,"comment_status":"closed","ping_status":"closed","template":"","meta":{"footnotes":""},"class_list":["post-198","page","type-page","status-publish","hentry"],"_links":{"self":[{"href":"https:\/\/www.cerisie.it\/pt\/wp-json\/wp\/v2\/pages\/198","targetHints":{"allow":["GET"]}}],"collection":[{"href":"https:\/\/www.cerisie.it\/pt\/wp-json\/wp\/v2\/pages"}],"about":[{"href":"https:\/\/www.cerisie.it\/pt\/wp-json\/wp\/v2\/types\/page"}],"author":[{"embeddable":true,"href":"https:\/\/www.cerisie.it\/pt\/wp-json\/wp\/v2\/users\/1"}],"replies":[{"embeddable":true,"href":"https:\/\/www.cerisie.it\/pt\/wp-json\/wp\/v2\/comments?post=198"}],"version-history":[{"count":13,"href":"https:\/\/www.cerisie.it\/pt\/wp-json\/wp\/v2\/pages\/198\/revisions"}],"predecessor-version":[{"id":1876,"href":"https:\/\/www.cerisie.it\/pt\/wp-json\/wp\/v2\/pages\/198\/revisions\/1876"}],"wp:attachment":[{"href":"https:\/\/www.cerisie.it\/pt\/wp-json\/wp\/v2\/media?parent=198"}],"curies":[{"name":"wp","href":"https:\/\/api.w.org\/{rel}","templated":true}]}}