{"id":479,"date":"2022-04-19T09:32:43","date_gmt":"2022-04-19T07:32:43","guid":{"rendered":"https:\/\/www.g7international.info\/cerisie\/?page_id=479"},"modified":"2025-05-16T16:44:46","modified_gmt":"2025-05-16T14:44:46","slug":"alimenntos-e-agua-potavel","status":"publish","type":"page","link":"https:\/\/www.cerisie.it\/pt\/alimentare-e-acqua-potabile\/","title":{"rendered":"ALIMENTOS E \u00c1GUA POT\u00c1VEL"},"content":{"rendered":"<div data-elementor-type=\"wp-page\" data-elementor-id=\"479\" class=\"elementor elementor-479\" data-elementor-post-type=\"page\">\n\t\t\t\t\t\t<section class=\"elementor-section elementor-top-section elementor-element elementor-element-24040f38 elementor-section-height-min-height elementor-section-boxed elementor-section-height-default elementor-section-items-middle\" data-id=\"24040f38\" data-element_type=\"section\" data-e-type=\"section\" data-settings=\"{&quot;background_background&quot;:&quot;classic&quot;}\">\n\t\t\t\t\t\t<div class=\"elementor-container elementor-column-gap-default\">\n\t\t\t\t\t<div class=\"elementor-column elementor-col-100 elementor-top-column elementor-element elementor-element-6368a8a8\" data-id=\"6368a8a8\" data-element_type=\"column\" data-e-type=\"column\">\n\t\t\t<div class=\"elementor-widget-wrap elementor-element-populated\">\n\t\t\t\t\t\t<div class=\"elementor-element elementor-element-56facf91 elementor-widget elementor-widget-heading\" data-id=\"56facf91\" data-element_type=\"widget\" data-e-type=\"widget\" data-widget_type=\"heading.default\">\n\t\t\t\t<div class=\"elementor-widget-container\">\n\t\t\t\t\t<h2 class=\"elementor-heading-title elementor-size-default\">ALIMENTOS E \u00c1GUA POT\u00c1VEL<\/h2>\t\t\t\t<\/div>\n\t\t\t\t<\/div>\n\t\t\t\t\t<\/div>\n\t\t<\/div>\n\t\t\t\t\t<\/div>\n\t\t<\/section>\n\t\t\t\t<section class=\"elementor-section elementor-top-section elementor-element elementor-element-25add1d elementor-section-boxed elementor-section-height-default elementor-section-height-default\" data-id=\"25add1d\" data-element_type=\"section\" data-e-type=\"section\">\n\t\t\t\t\t\t<div class=\"elementor-container elementor-column-gap-default\">\n\t\t\t\t\t<div class=\"elementor-column elementor-col-50 elementor-top-column elementor-element elementor-element-4883a2a\" data-id=\"4883a2a\" data-element_type=\"column\" data-e-type=\"column\">\n\t\t\t<div class=\"elementor-widget-wrap elementor-element-populated\">\n\t\t\t\t\t\t<div class=\"elementor-element elementor-element-b655a5d elementor-widget elementor-widget-text-editor\" data-id=\"b655a5d\" data-element_type=\"widget\" data-e-type=\"widget\" data-widget_type=\"text-editor.default\">\n\t\t\t\t<div class=\"elementor-widget-container\">\n\t\t\t\t\t\t\t\t\t<p>A CERISIE, com suas habilidades espec\u00edficas adquiridas ao longo de d\u00e9cadas de experi\u00eancia em testes MOCA, oferece um servi\u00e7o de an\u00e1lise para verificar a adequa\u00e7\u00e3o para contato com alimentos, de acordo com regulamenta\u00e7\u00f5es nacionais, europeias e internacionais, como:<\/p><ul><li>Decreto Ministerial Italiano D.M. 21\/03\/73<\/li><li>Recomenda\u00e7\u00f5es BfR Alem\u00e3s<\/li><li>Legisla\u00e7\u00e3o Francesa (Arr\u00eat\u00e9)<\/li><li>Regulamento Europeu UE 10\/2011 (espec\u00edfico para pl\u00e1sticos)<\/li><li>De acordo com outras normas internacionais, como FDA e GBT Chinesa.<\/li><\/ul><p>O CERISIE tamb\u00e9m est\u00e1 apto a oferecer suporte a empresas que operam no setor de \u00e1gua pot\u00e1vel, de acordo com regulamenta\u00e7\u00f5es nacionais e europeias, como:<\/p><ul><li>Decreto Ministerial Italiano DM 104 de 2004<\/li><li>Recomenda\u00e7\u00e3o UBA (Umwelt Bundesamt)<\/li><li>Norma W270 DVGW.<\/li><\/ul><p>O CERISIE oferece assist\u00eancia e avalia\u00e7\u00e3o na formula\u00e7\u00e3o de misturas destinadas \u00e0 produ\u00e7\u00e3o de produtos utilizados na ind\u00fastria aliment\u00edcia e de \u00e1gua pot\u00e1vel, bem como das condi\u00e7\u00f5es de teste e simuladores a serem utilizados, com base nas condi\u00e7\u00f5es reais de utiliza\u00e7\u00e3o dos produtos.<\/p><p>O CERISIE visa fornecer aos seus clientes um servi\u00e7o sempre atualizado e de excel\u00eancia, garantindo sempre a total confidencialidade das informa\u00e7\u00f5es que lhe s\u00e3o fornecidas.<\/p>\t\t\t\t\t\t\t\t<\/div>\n\t\t\t\t<\/div>\n\t\t\t\t\t<\/div>\n\t\t<\/div>\n\t\t\t\t<div class=\"elementor-column elementor-col-50 elementor-top-column elementor-element elementor-element-3b56326\" data-id=\"3b56326\" data-element_type=\"column\" data-e-type=\"column\">\n\t\t\t<div class=\"elementor-widget-wrap elementor-element-populated\">\n\t\t\t\t\t\t<div class=\"elementor-element elementor-element-5748799 elementor-widget elementor-widget-image\" data-id=\"5748799\" data-element_type=\"widget\" data-e-type=\"widget\" data-widget_type=\"image.default\">\n\t\t\t\t<div class=\"elementor-widget-container\">\n\t\t\t\t\t\t\t\t\t\t\t\t\t\t\t<img fetchpriority=\"high\" decoding=\"async\" width=\"500\" height=\"361\" src=\"https:\/\/www.cerisie.it\/wp-content\/uploads\/2023\/06\/food.jpg\" class=\"attachment-full size-full wp-image-1452\" alt=\"\" srcset=\"https:\/\/www.cerisie.it\/wp-content\/uploads\/2023\/06\/food.jpg 500w, https:\/\/www.cerisie.it\/wp-content\/uploads\/2023\/06\/food-300x217.jpg 300w\" sizes=\"(max-width: 500px) 100vw, 500px\" \/>\t\t\t\t\t\t\t\t\t\t\t\t\t\t\t<\/div>\n\t\t\t\t<\/div>\n\t\t\t\t\t<\/div>\n\t\t<\/div>\n\t\t\t\t\t<\/div>\n\t\t<\/section>\n\t\t\t\t<\/div>","protected":false},"excerpt":{"rendered":"<p>Alimentare e acqua potabile Il CERISIE, forte delle competenze specifiche maturate nella decennale esperienza nell\u2019ambito delle prove MOCA, offre un servizio di analisi per la verifica di idoneit\u00e0 al contatto con alimenti secondo normative nazionali, europee e internazionali come ad esempio: D.M. 21\/03\/73 Raccomandazioni BfR Legislazione Francese (Arret\u00e9) Regolamento Europeo UE 10\/2011 (specifico per le [&hellip;]<\/p>\n","protected":false},"author":1,"featured_media":0,"parent":0,"menu_order":0,"comment_status":"closed","ping_status":"closed","template":"elementor_header_footer","meta":{"footnotes":""},"class_list":["post-479","page","type-page","status-publish","hentry"],"_links":{"self":[{"href":"https:\/\/www.cerisie.it\/pt\/wp-json\/wp\/v2\/pages\/479","targetHints":{"allow":["GET"]}}],"collection":[{"href":"https:\/\/www.cerisie.it\/pt\/wp-json\/wp\/v2\/pages"}],"about":[{"href":"https:\/\/www.cerisie.it\/pt\/wp-json\/wp\/v2\/types\/page"}],"author":[{"embeddable":true,"href":"https:\/\/www.cerisie.it\/pt\/wp-json\/wp\/v2\/users\/1"}],"replies":[{"embeddable":true,"href":"https:\/\/www.cerisie.it\/pt\/wp-json\/wp\/v2\/comments?post=479"}],"version-history":[{"count":1,"href":"https:\/\/www.cerisie.it\/pt\/wp-json\/wp\/v2\/pages\/479\/revisions"}],"predecessor-version":[{"id":1571,"href":"https:\/\/www.cerisie.it\/pt\/wp-json\/wp\/v2\/pages\/479\/revisions\/1571"}],"wp:attachment":[{"href":"https:\/\/www.cerisie.it\/pt\/wp-json\/wp\/v2\/media?parent=479"}],"curies":[{"name":"wp","href":"https:\/\/api.w.org\/{rel}","templated":true}]}}